{"id":10,"date":"2020-06-10T16:44:57","date_gmt":"2020-06-10T16:44:57","guid":{"rendered":"http:\/\/carinaweinmann.com\/?page_id=10"},"modified":"2026-03-13T11:48:44","modified_gmt":"2026-03-13T11:48:44","slug":"curriculum-vitae","status":"publish","type":"page","link":"https:\/\/carinaweinmann.com\/de\/curriculum-vitae\/","title":{"rendered":"Curriculum Vitae"},"content":{"rendered":"\n<h2 class=\"wp-block-heading\">Beruflicher Werdegang<\/h2>\n\n\n\n<div class=\"wp-block-columns is-layout-flex wp-container-core-columns-is-layout-9d6595d7 wp-block-columns-is-layout-flex\">\n<div class=\"wp-block-column is-layout-flow wp-block-column-is-layout-flow\" style=\"flex-basis:20%\">\n<p>seit 04\/2026<\/p>\n<\/div>\n\n\n\n<div class=\"wp-block-column is-layout-flow wp-block-column-is-layout-flow\" style=\"flex-basis:80%\">\n<p><strong>Wissenschaftliche Mitarbeiterin (Postdoc)<\/strong>, Kommunikations- und Medienwissenschaft, Institut f\u00fcr Sozialwissenschaften, Heinrich-Heine-Universit\u00e4t D\u00fcsseldorf, Prof. Dr. Thomas Zerback<\/p>\n<\/div>\n<\/div>\n\n\n\n<div class=\"wp-block-columns is-layout-flex wp-container-core-columns-is-layout-9d6595d7 wp-block-columns-is-layout-flex\">\n<div class=\"wp-block-column is-layout-flow wp-block-column-is-layout-flow\" style=\"flex-basis:20%\">\n<p>09\/2025 \u2013 02\/2026<\/p>\n<\/div>\n\n\n\n<div class=\"wp-block-column is-layout-flow wp-block-column-is-layout-flow\" style=\"flex-basis:80%\">\n<p><strong><strong>Wissenschaftliche Mitarbeiterin (Postdoc)<\/strong><\/strong>, Institut f\u00fcr Journalistik und Kommunikationsforschung, Hochschule f\u00fcr Musik, Theater und Medien Hannover<\/p>\n<\/div>\n<\/div>\n\n\n\n<div class=\"wp-block-columns is-layout-flex wp-container-core-columns-is-layout-9d6595d7 wp-block-columns-is-layout-flex\">\n<div class=\"wp-block-column is-layout-flow wp-block-column-is-layout-flow\" style=\"flex-basis:20%\">\n<p>08\/2020 <strong>\u2013<\/strong> 08\/2025<\/p>\n<\/div>\n\n\n\n<div class=\"wp-block-column is-layout-flow wp-block-column-is-layout-flow\" style=\"flex-basis:80%\">\n<p><strong>Wissenschaftliche Mitarbeiterin (Postdoc)<\/strong>, Kommunikations- und Medienwissenschaft, Institut f\u00fcr Sozialwissenschaften, Heinrich-Heine-Universit\u00e4t D\u00fcsseldorf, Prof. Dr. Gerhard Vowe, Prof. Dr. Marc Ziegele <\/p>\n<\/div>\n<\/div>\n\n\n\n<div class=\"wp-block-columns is-layout-flex wp-container-core-columns-is-layout-9d6595d7 wp-block-columns-is-layout-flex\">\n<div class=\"wp-block-column is-layout-flow wp-block-column-is-layout-flow\" style=\"flex-basis:20%\">\n<p>10\/2023 <strong>\u2013<\/strong> 03\/2024<\/p>\n<\/div>\n\n\n\n<div class=\"wp-block-column is-layout-flow wp-block-column-is-layout-flow\" style=\"flex-basis:80%\">\n<p><strong>Gastprofessorin<\/strong>, Institut f\u00fcr Journalistik und Kommunikationsforschung, Hochschule f\u00fcr Musik, Theater und Medien Hannover<\/p>\n<\/div>\n<\/div>\n\n\n\n<div class=\"wp-block-columns is-layout-flex wp-container-core-columns-is-layout-9d6595d7 wp-block-columns-is-layout-flex\">\n<div class=\"wp-block-column is-layout-flow wp-block-column-is-layout-flow\" style=\"flex-basis:20%\">\n<p>03\/2019 \u2013 05\/2020<\/p>\n<\/div>\n\n\n\n<div class=\"wp-block-column is-layout-flow wp-block-column-is-layout-flow\" style=\"flex-basis:80%\">\n<p><strong>Projektleiterin<\/strong>, AGF Videoforschung<\/p>\n<\/div>\n<\/div>\n\n\n\n<div class=\"wp-block-columns is-layout-flex wp-container-core-columns-is-layout-9d6595d7 wp-block-columns-is-layout-flex\">\n<div class=\"wp-block-column is-layout-flow wp-block-column-is-layout-flow\" style=\"flex-basis:20%\">\n<p>02\/2018 \u2013 02\/2019<\/p>\n<\/div>\n\n\n\n<div class=\"wp-block-column is-layout-flow wp-block-column-is-layout-flow\" style=\"flex-basis:80%\">\n<p><strong>Akademische R\u00e4tin<\/strong>, Institut f\u00fcr Kommunikationspsychologie und Medienp\u00e4dagogik, Universit\u00e4t Koblenz-Landau, Campus Landau, Prof. Dr. Michaela Maier<\/p>\n<\/div>\n<\/div>\n\n\n\n<div class=\"wp-block-columns is-layout-flex wp-container-core-columns-is-layout-9d6595d7 wp-block-columns-is-layout-flex\">\n<div class=\"wp-block-column is-layout-flow wp-block-column-is-layout-flow\" style=\"flex-basis:20%\">\n<p>02\/2016 \u2013 01\/2018<\/p>\n<\/div>\n\n\n\n<div class=\"wp-block-column is-layout-flow wp-block-column-is-layout-flow\" style=\"flex-basis:80%\">\n<p><strong>Wissenschaftliche Mitarbeiterin (Doktorandin)<\/strong>, Institut f\u00fcr Medien- und Kommunikationswissenschaft, Universit\u00e4t Mannheim, Prof. Dr. Peter Vorderer<\/p>\n<\/div>\n<\/div>\n\n\n\n<div class=\"wp-block-columns is-layout-flex wp-container-core-columns-is-layout-9d6595d7 wp-block-columns-is-layout-flex\">\n<div class=\"wp-block-column is-layout-flow wp-block-column-is-layout-flow\" style=\"flex-basis:20%\">\n<p>08\/2013 \u2013 01\/2016<\/p>\n<\/div>\n\n\n\n<div class=\"wp-block-column is-layout-flow wp-block-column-is-layout-flow\" style=\"flex-basis:80%\">\n<p><strong><strong>Wissenschaftliche Mitarbeiterin (Doktorandin)<\/strong><\/strong>, Institut f\u00fcr Medien- und Kommunikationswissenschaft, Universit\u00e4t Mannheim, Prof. Dr. Peter Vorderer, Projekt \u201ePolitische Talkshows zur Unterhaltung\u201c, gef\u00f6rdert von der Deutschen Forschungsgemeinschaft (DFG)<\/p>\n<\/div>\n<\/div>\n\n\n\n<div class=\"wp-block-columns is-layout-flex wp-container-core-columns-is-layout-9d6595d7 wp-block-columns-is-layout-flex\">\n<div class=\"wp-block-column is-layout-flow wp-block-column-is-layout-flow\" style=\"flex-basis:20%\">\n<p>08\/2013 \u2013 07\/2015<\/p>\n<\/div>\n\n\n\n<div class=\"wp-block-column is-layout-flow wp-block-column-is-layout-flow\" style=\"flex-basis:80%\">\n<p><strong><strong>Wissenschaftliche Mitarbeiterin (Doktorandin)<\/strong><\/strong>, Institut f\u00fcr Medien- und Kommunikationswissenschaft, Universit\u00e4t Mannheim, Assistenz Prof. Dr. Peter Vorderer, Pr\u00e4sident der International Communication Association (ICA)<\/p>\n<\/div>\n<\/div>\n\n\n\n<div class=\"wp-block-columns is-layout-flex wp-container-core-columns-is-layout-9d6595d7 wp-block-columns-is-layout-flex\">\n<div class=\"wp-block-column is-layout-flow wp-block-column-is-layout-flow\" style=\"flex-basis:20%\">\n<p>09\/2008 \u2013 01\/2012 \/ 09\/2012 \u2013 07\/2013<\/p>\n<\/div>\n\n\n\n<div class=\"wp-block-column is-layout-flow wp-block-column-is-layout-flow\" style=\"flex-basis:80%\">\n<p><strong>Studentische Hilfskraft und Tutorin<\/strong>, Institut f\u00fcr Medien- und Kommunikationswissenschaft, Universit\u00e4t Mannheim, Prof. Dr. Angela Keppler, Prof. Dr. Hartmut Wessler, Prof. Dr. Peter Vorderer<\/p>\n<\/div>\n<\/div>\n\n\n\n<div class=\"wp-block-columns is-layout-flex wp-container-core-columns-is-layout-9d6595d7 wp-block-columns-is-layout-flex\">\n<div class=\"wp-block-column is-layout-flow wp-block-column-is-layout-flow\" style=\"flex-basis:20%\">\n<p>02\/2008 \u2013 06\/2008<\/p>\n<\/div>\n\n\n\n<div class=\"wp-block-column is-layout-flow wp-block-column-is-layout-flow\" style=\"flex-basis:80%\">\n<p><strong>Tutorin<\/strong>, Seminar f\u00fcr Deutsche Philologie, Universit\u00e4t Mannheim, Prof. Dr. Beate Henn-Memmesheimer<\/p>\n<\/div>\n<\/div>\n\n\n\n<h2 class=\"wp-block-heading\">Akademische Qualifikationen<\/h2>\n\n\n\n<div class=\"wp-block-columns is-layout-flex wp-container-core-columns-is-layout-9d6595d7 wp-block-columns-is-layout-flex\">\n<div class=\"wp-block-column is-layout-flow wp-block-column-is-layout-flow\" style=\"flex-basis:20%\">\n<p>08\/2013 \u2013 01\/2018<\/p>\n<\/div>\n\n\n\n<div class=\"wp-block-column is-layout-flow wp-block-column-is-layout-flow\" style=\"flex-basis:80%\">\n<p><strong>Promotion Medien- und Kommunikationswissenschaft<\/strong>, Universit\u00e4t Mannheim, Abschluss: Dr. phil., Titel der Dissertation: \u201eDeliberation und Unterhaltung im Kontext politischer Medieninhalte\u201c (Betreuer: Prof. Dr. Peter Vorderer)<\/p>\n<\/div>\n<\/div>\n\n\n\n<div class=\"wp-block-columns is-layout-flex wp-container-core-columns-is-layout-9d6595d7 wp-block-columns-is-layout-flex\">\n<div class=\"wp-block-column is-layout-flow wp-block-column-is-layout-flow\" style=\"flex-basis:20%\">\n<p>09\/2010 \u2013 07\/2013<\/p>\n<\/div>\n\n\n\n<div class=\"wp-block-column is-layout-flow wp-block-column-is-layout-flow\" style=\"flex-basis:80%\">\n<p><strong>Master-Studium Medien- und Kommunikationswissenschaft, Wahlpflichtmodul Psychologie<\/strong>, Universit\u00e4t Mannheim, Abschluss: Master of Arts (M.A.), Titel der Abschlussarbeit: \u201eFunny and Interesting? How Do Political Satire Programs Contribute to Viewers\u2019 Interest in Politics?\u201d (Betreuer: Prof. Dr. Peter Vorderer)<\/p>\n<\/div>\n<\/div>\n\n\n\n<div class=\"wp-block-columns is-layout-flex wp-container-core-columns-is-layout-9d6595d7 wp-block-columns-is-layout-flex\">\n<div class=\"wp-block-column is-layout-flow wp-block-column-is-layout-flow\" style=\"flex-basis:20%\">\n<p>09\/2007 \u2013 07\/2010<\/p>\n<\/div>\n\n\n\n<div class=\"wp-block-column is-layout-flow wp-block-column-is-layout-flow\" style=\"flex-basis:80%\">\n<p><strong>Bachelor-Studium Medien- und Kommunikationswissenschaft, Beifach Germanistik<\/strong>, Universit\u00e4t Mannheim, Abschluss: Bachelor of Arts (B.A.), Titel der Abschlussarbeit: \u201e15 Minuten Diskurs: Eine Analyse der Deliberation in den Fernsehnachrichten zur Bundestagswahl 2009\u201c, mit Charlotte L\u00f6b (Betreuer: Prof. Dr. Hartmut Wessler)<\/p>\n<\/div>\n<\/div>\n\n\n\n<h2 class=\"wp-block-heading\">Auszeichnungen und Stipendien<\/h2>\n\n\n\n<div class=\"wp-block-columns is-layout-flex wp-container-core-columns-is-layout-9d6595d7 wp-block-columns-is-layout-flex\">\n<div class=\"wp-block-column is-layout-flow wp-block-column-is-layout-flow\" style=\"flex-basis:20%\">\n<p>07\/2023<\/p>\n<\/div>\n\n\n\n<div class=\"wp-block-column is-layout-flow wp-block-column-is-layout-flow\" style=\"flex-basis:80%\">\n<p><strong>Best Paper Award<\/strong> (Titel: \u201eKI und Deliberation: Normative Ideale im Lichte der aktuellen KI-Forschung \u2013 Ein systematischer Literatur\u00fcberblick\u201c), Gemeinsame Jahrestagung der Fachgruppe \u201eKommunikation und Politik\u201c der Deutschen Gesellschaft f\u00fcr Publizistik\u2010 und Kommunikationswissenschaft (DGPuK), des Arbeitskreises \u201ePolitik und Kommunikation\u201c der Deutschen Vereinigung f\u00fcr Politische Wissenschaft (DVPW) und der Fachgruppe \u201ePolitische Kommunikation\u201c der Schweizerischen Gesellschaft f\u00fcr Kommunikations\u2010 und Medienwissenschaft (SGKM), D\u00fcsseldorf<\/p>\n<\/div>\n<\/div>\n\n\n\n<div class=\"wp-block-columns is-layout-flex wp-container-core-columns-is-layout-9d6595d7 wp-block-columns-is-layout-flex\">\n<div class=\"wp-block-column is-layout-flow wp-block-column-is-layout-flow\" style=\"flex-basis:20%\">\n<p>02\/2016 \u2013 01\/2018<\/p>\n<\/div>\n\n\n\n<div class=\"wp-block-column is-layout-flow wp-block-column-is-layout-flow\" style=\"flex-basis:80%\">\n<p><strong>Promotionsstipendium<\/strong>, Friedrich-Naumann-Stiftung f\u00fcr die Freiheit<\/p>\n<\/div>\n<\/div>\n\n\n\n<div class=\"wp-block-columns is-layout-flex wp-container-core-columns-is-layout-9d6595d7 wp-block-columns-is-layout-flex\">\n<div class=\"wp-block-column is-layout-flow wp-block-column-is-layout-flow\" style=\"flex-basis:20%\">\n<p>06\/2016<\/p>\n<\/div>\n\n\n\n<div class=\"wp-block-column is-layout-flow wp-block-column-is-layout-flow\" style=\"flex-basis:80%\">\n<p><strong>Top Student Paper in Political Communication<\/strong> (Titel: \u201cMeasuring political thinking: Development and validation of a scale for \u2018deliberation within\u2019\u201d), Jahrestagung der International Communication Association (ICA) in Fukuoka, Japan<\/p>\n<\/div>\n<\/div>\n\n\n\n<div class=\"wp-block-columns is-layout-flex wp-container-core-columns-is-layout-9d6595d7 wp-block-columns-is-layout-flex\">\n<div class=\"wp-block-column is-layout-flow wp-block-column-is-layout-flow\" style=\"flex-basis:20%\">\n<p>09\/2010 \u2013 01\/2013<\/p>\n<\/div>\n\n\n\n<div class=\"wp-block-column is-layout-flow wp-block-column-is-layout-flow\" style=\"flex-basis:80%\">\n<p><strong>Deutschlandstipendium<\/strong>, Freunde der Universit\u00e4t Mannheim e. V., Bundesministerium f\u00fcr Bildung und Forschung<\/p>\n<\/div>\n<\/div>\n\n\n\n<div class=\"wp-block-columns is-layout-flex wp-container-core-columns-is-layout-9d6595d7 wp-block-columns-is-layout-flex\">\n<div class=\"wp-block-column is-layout-flow wp-block-column-is-layout-flow\" style=\"flex-basis:20%\">\n<p>11\/2011<\/p>\n<\/div>\n\n\n\n<div class=\"wp-block-column is-layout-flow wp-block-column-is-layout-flow\" style=\"flex-basis:80%\">\n<p><strong>Preis f\u00fcr herausragende Abschlussarbeiten<\/strong> (Bachelor-Arbeit, Titel: \u201e15 Minuten Diskurs: Eine Analyse der Deliberation in den Fernsehnachrichten zur Bundestagswahl 2009\u201c), Stiftung Kommunikations- und Medienwissenschaften, Universit\u00e4t Mannheim<\/p>\n<\/div>\n<\/div>\n\n\n\n<div class=\"wp-block-columns is-layout-flex wp-container-core-columns-is-layout-9d6595d7 wp-block-columns-is-layout-flex\">\n<div class=\"wp-block-column is-layout-flow wp-block-column-is-layout-flow\" style=\"flex-basis:20%\">\n<p>09\/2009 \u2013 08\/2010<\/p>\n<\/div>\n\n\n\n<div class=\"wp-block-column is-layout-flow wp-block-column-is-layout-flow\" style=\"flex-basis:80%\">\n<p><strong>Geb\u00fchrenstipendium<\/strong>, Universit\u00e4t Mannheim<\/p>\n<\/div>\n<\/div>\n","protected":false},"excerpt":{"rendered":"<p>Beruflicher Werdegang seit 04\/2026 Wissenschaftliche Mitarbeiterin (Postdoc), Kommunikations- und Medienwissenschaft, Institut f\u00fcr Sozialwissenschaften, Heinrich-Heine-Universit\u00e4t D\u00fcsseldorf, Prof. Dr. Thomas Zerback 09\/2025<\/p>\n<p><a href=\"https:\/\/carinaweinmann.com\/de\/curriculum-vitae\/\" class=\"more-link\">Continue reading&#8230;<span class=\"screen-reader-text\">Curriculum Vitae<\/span><\/a><\/p>\n","protected":false},"author":1,"featured_media":0,"parent":0,"menu_order":0,"comment_status":"closed","ping_status":"closed","template":"","meta":{"footnotes":""},"class_list":["post-10","page","type-page","status-publish","hentry"],"translation":{"provider":"WPGlobus","version":"3.0.2","language":"de","enabled_languages":["en","de"],"languages":{"en":{"title":true,"content":true,"excerpt":false},"de":{"title":true,"content":true,"excerpt":false}}},"yoast_head":"<!-- This site is optimized with the Yoast SEO plugin v27.3 - https:\/\/yoast.com\/product\/yoast-seo-wordpress\/ -->\n<title>Curriculum Vitae - Dr. Carina Weinmann<\/title>\n<meta name=\"robots\" content=\"index, follow, max-snippet:-1, max-image-preview:large, max-video-preview:-1\" \/>\n<link rel=\"canonical\" href=\"https:\/\/carinaweinmann.com\/curriculum-vitae\/\" \/>\n<meta property=\"og:locale\" content=\"de_DE\" \/>\n<meta property=\"og:type\" content=\"article\" \/>\n<meta property=\"og:title\" content=\"Curriculum Vitae - Dr. Carina Weinmann\" \/>\n<meta property=\"og:url\" content=\"https:\/\/carinaweinmann.com\/curriculum-vitae\/\" \/>\n<meta property=\"og:site_name\" content=\"Dr. Carina Weinmann\" \/>\n<meta property=\"article:modified_time\" content=\"2026-03-13T11:48:44+00:00\" \/>\n<meta name=\"twitter:card\" content=\"summary_large_image\" \/>\n<meta name=\"twitter:label1\" content=\"Gesch\u00e4tzte Lesezeit\" \/>\n\t<meta name=\"twitter:data1\" content=\"6\u00a0Minuten\" \/>\n<script type=\"application\/ld+json\" class=\"yoast-schema-graph\">{\"@context\":\"https:\\\/\\\/schema.org\",\"@graph\":[{\"@type\":\"WebPage\",\"@id\":\"https:\\\/\\\/carinaweinmann.com\\\/curriculum-vitae\\\/\",\"url\":\"https:\\\/\\\/carinaweinmann.com\\\/curriculum-vitae\\\/\",\"name\":\"Curriculum Vitae - Dr. Carina Weinmann\",\"isPartOf\":{\"@id\":\"https:\\\/\\\/carinaweinmann.com\\\/de\\\/#website\"},\"datePublished\":\"2020-06-10T16:44:57+00:00\",\"dateModified\":\"2026-03-13T11:48:44+00:00\",\"breadcrumb\":{\"@id\":\"https:\\\/\\\/carinaweinmann.com\\\/curriculum-vitae\\\/#breadcrumb\"},\"inLanguage\":\"de\",\"potentialAction\":[{\"@type\":\"ReadAction\",\"target\":[\"https:\\\/\\\/carinaweinmann.com\\\/curriculum-vitae\\\/\"]}]},{\"@type\":\"BreadcrumbList\",\"@id\":\"https:\\\/\\\/carinaweinmann.com\\\/curriculum-vitae\\\/#breadcrumb\",\"itemListElement\":[{\"@type\":\"ListItem\",\"position\":1,\"name\":\"Home\",\"item\":\"https:\\\/\\\/carinaweinmann.com\\\/\"},{\"@type\":\"ListItem\",\"position\":2,\"name\":\"Curriculum Vitae\"}]},{\"@type\":\"WebSite\",\"@id\":\"https:\\\/\\\/carinaweinmann.com\\\/de\\\/#website\",\"url\":\"https:\\\/\\\/carinaweinmann.com\\\/de\\\/\",\"name\":\"Dr. Carina Weinmann\",\"description\":\"Kommunikationswissenschaftlerin\",\"publisher\":{\"@id\":\"https:\\\/\\\/carinaweinmann.com\\\/de\\\/#\\\/schema\\\/person\\\/31710719aa49b4b78bb9f2847e3aa450\"},\"potentialAction\":[{\"@type\":\"SearchAction\",\"target\":{\"@type\":\"EntryPoint\",\"urlTemplate\":\"https:\\\/\\\/carinaweinmann.com\\\/de\\\/?s={search_term_string}\"},\"query-input\":{\"@type\":\"PropertyValueSpecification\",\"valueRequired\":true,\"valueName\":\"search_term_string\"}}],\"inLanguage\":\"de\"},{\"@type\":[\"Person\",\"Organization\"],\"@id\":\"https:\\\/\\\/carinaweinmann.com\\\/de\\\/#\\\/schema\\\/person\\\/31710719aa49b4b78bb9f2847e3aa450\",\"name\":\"CarinaWeinmann\",\"image\":{\"@type\":\"ImageObject\",\"inLanguage\":\"de\",\"@id\":\"https:\\\/\\\/secure.gravatar.com\\\/avatar\\\/2e7c03f83f4c651a53616536d206ec326ffdf4111a2d850a6ccf105897c7b3a7?s=96&d=mm&r=g\",\"url\":\"https:\\\/\\\/secure.gravatar.com\\\/avatar\\\/2e7c03f83f4c651a53616536d206ec326ffdf4111a2d850a6ccf105897c7b3a7?s=96&d=mm&r=g\",\"contentUrl\":\"https:\\\/\\\/secure.gravatar.com\\\/avatar\\\/2e7c03f83f4c651a53616536d206ec326ffdf4111a2d850a6ccf105897c7b3a7?s=96&d=mm&r=g\",\"caption\":\"CarinaWeinmann\"},\"logo\":{\"@id\":\"https:\\\/\\\/secure.gravatar.com\\\/avatar\\\/2e7c03f83f4c651a53616536d206ec326ffdf4111a2d850a6ccf105897c7b3a7?s=96&d=mm&r=g\"}}]}<\/script>\n<!-- \/ Yoast SEO plugin. -->","yoast_head_json":{"title":"Curriculum Vitae - Dr. Carina Weinmann","robots":{"index":"index","follow":"follow","max-snippet":"max-snippet:-1","max-image-preview":"max-image-preview:large","max-video-preview":"max-video-preview:-1"},"canonical":"https:\/\/carinaweinmann.com\/curriculum-vitae\/","og_locale":"de_DE","og_type":"article","og_title":"Curriculum Vitae - Dr. Carina Weinmann","og_url":"https:\/\/carinaweinmann.com\/curriculum-vitae\/","og_site_name":"Dr. Carina Weinmann","article_modified_time":"2026-03-13T11:48:44+00:00","twitter_card":"summary_large_image","twitter_misc":{"Gesch\u00e4tzte Lesezeit":"6\u00a0Minuten"},"schema":{"@context":"https:\/\/schema.org","@graph":[{"@type":"WebPage","@id":"https:\/\/carinaweinmann.com\/curriculum-vitae\/","url":"https:\/\/carinaweinmann.com\/curriculum-vitae\/","name":"Curriculum Vitae - Dr. Carina Weinmann","isPartOf":{"@id":"https:\/\/carinaweinmann.com\/de\/#website"},"datePublished":"2020-06-10T16:44:57+00:00","dateModified":"2026-03-13T11:48:44+00:00","breadcrumb":{"@id":"https:\/\/carinaweinmann.com\/curriculum-vitae\/#breadcrumb"},"inLanguage":"de","potentialAction":[{"@type":"ReadAction","target":["https:\/\/carinaweinmann.com\/curriculum-vitae\/"]}]},{"@type":"BreadcrumbList","@id":"https:\/\/carinaweinmann.com\/curriculum-vitae\/#breadcrumb","itemListElement":[{"@type":"ListItem","position":1,"name":"Home","item":"https:\/\/carinaweinmann.com\/"},{"@type":"ListItem","position":2,"name":"Curriculum Vitae"}]},{"@type":"WebSite","@id":"https:\/\/carinaweinmann.com\/de\/#website","url":"https:\/\/carinaweinmann.com\/de\/","name":"Dr. Carina Weinmann","description":"Kommunikationswissenschaftlerin","publisher":{"@id":"https:\/\/carinaweinmann.com\/de\/#\/schema\/person\/31710719aa49b4b78bb9f2847e3aa450"},"potentialAction":[{"@type":"SearchAction","target":{"@type":"EntryPoint","urlTemplate":"https:\/\/carinaweinmann.com\/de\/?s={search_term_string}"},"query-input":{"@type":"PropertyValueSpecification","valueRequired":true,"valueName":"search_term_string"}}],"inLanguage":"de"},{"@type":["Person","Organization"],"@id":"https:\/\/carinaweinmann.com\/de\/#\/schema\/person\/31710719aa49b4b78bb9f2847e3aa450","name":"CarinaWeinmann","image":{"@type":"ImageObject","inLanguage":"de","@id":"https:\/\/secure.gravatar.com\/avatar\/2e7c03f83f4c651a53616536d206ec326ffdf4111a2d850a6ccf105897c7b3a7?s=96&d=mm&r=g","url":"https:\/\/secure.gravatar.com\/avatar\/2e7c03f83f4c651a53616536d206ec326ffdf4111a2d850a6ccf105897c7b3a7?s=96&d=mm&r=g","contentUrl":"https:\/\/secure.gravatar.com\/avatar\/2e7c03f83f4c651a53616536d206ec326ffdf4111a2d850a6ccf105897c7b3a7?s=96&d=mm&r=g","caption":"CarinaWeinmann"},"logo":{"@id":"https:\/\/secure.gravatar.com\/avatar\/2e7c03f83f4c651a53616536d206ec326ffdf4111a2d850a6ccf105897c7b3a7?s=96&d=mm&r=g"}}]}},"_links":{"self":[{"href":"https:\/\/carinaweinmann.com\/de\/wp-json\/wp\/v2\/pages\/10","targetHints":{"allow":["GET"]}}],"collection":[{"href":"https:\/\/carinaweinmann.com\/de\/wp-json\/wp\/v2\/pages"}],"about":[{"href":"https:\/\/carinaweinmann.com\/de\/wp-json\/wp\/v2\/types\/page"}],"author":[{"embeddable":true,"href":"https:\/\/carinaweinmann.com\/de\/wp-json\/wp\/v2\/users\/1"}],"replies":[{"embeddable":true,"href":"https:\/\/carinaweinmann.com\/de\/wp-json\/wp\/v2\/comments?post=10"}],"version-history":[{"count":54,"href":"https:\/\/carinaweinmann.com\/de\/wp-json\/wp\/v2\/pages\/10\/revisions"}],"predecessor-version":[{"id":1187,"href":"https:\/\/carinaweinmann.com\/de\/wp-json\/wp\/v2\/pages\/10\/revisions\/1187"}],"wp:attachment":[{"href":"https:\/\/carinaweinmann.com\/de\/wp-json\/wp\/v2\/media?parent=10"}],"curies":[{"name":"wp","href":"https:\/\/api.w.org\/{rel}","templated":true}]}}