{"id":13,"date":"2020-06-10T16:44:57","date_gmt":"2020-06-10T16:44:57","guid":{"rendered":"http:\/\/carinaweinmann.com\/?page_id=13"},"modified":"2026-03-13T11:51:21","modified_gmt":"2026-03-13T11:51:21","slug":"research","status":"publish","type":"page","link":"https:\/\/carinaweinmann.com\/de\/research\/","title":{"rendered":"Forschung"},"content":{"rendered":"\n<h2 class=\"wp-block-heading\">Forschungsschwerpunkte<\/h2>\n\n\n\n<p><strong>Empirische Deliberationsforschung<\/strong>, insbesondere Rezeption und Wirkung von medienvermittelter Deliberation, Determinanten und Effekte interner Deliberationsprozesse, Deliberativit\u00e4t von medialen Angeboten<\/p>\n\n\n\n<p><strong>K\u00fcnstliche Intelligenz und politische Kommunikation<\/strong>, insbesondere Wirkung auf politische Partizipationsprozesse, Einfluss auf politische Medieninhalte und deren Verarbeitung<\/p>\n\n\n\n<p><strong>Empirische Unterhaltungsforschung<\/strong>, insbesondere Unterhaltungserleben im Kontext politischer Medienangebote, Zusammenhang von Unterhaltungserleben und Informationsverarbeitung<\/p>\n\n\n\n<p><strong>Methoden der empirischen Kommunikationsforschung<\/strong>, insbesondere Entwicklung und Validierung von psychometrischen Skalen<\/p>\n\n\n\n<h2 class=\"wp-block-heading\">Mitarbeit in Drittmittelprojekten<\/h2>\n\n\n\n<div class=\"wp-block-columns is-layout-flex wp-container-core-columns-is-layout-9d6595d7 wp-block-columns-is-layout-flex\">\n<div class=\"wp-block-column is-layout-flow wp-block-column-is-layout-flow\" style=\"flex-basis:20%\">\n<p>seit 2026<\/p>\n<\/div>\n\n\n\n<div class=\"wp-block-column is-layout-flow wp-block-column-is-layout-flow\" style=\"flex-basis:80%\">\n<p><strong>\u201eWiederholt get\u00e4uscht? Identifikation, Wirkung und Abwehr plattform\u00fcbergreifender politischer Desinformation im Alltag von Jugendlichen und Heranwachsenden\u201c<\/strong>, Projektleitung: Prof. Dr. Thomas Zerback, F\u00f6rderung: Bundesministerium f\u00fcr Forschung, Technologie und Raumfahrt (BMFTR)<\/p>\n<\/div>\n<\/div>\n\n\n\n<div class=\"wp-block-columns is-layout-flex wp-container-core-columns-is-layout-9d6595d7 wp-block-columns-is-layout-flex\">\n<div class=\"wp-block-column is-layout-flow wp-block-column-is-layout-flow\" style=\"flex-basis:20%\">\n<p>2022 \u2013 2025<\/p>\n<\/div>\n\n\n\n<div class=\"wp-block-column is-layout-flow wp-block-column-is-layout-flow\" style=\"flex-basis:80%\">\n<p><strong>Manchot Forschungsgruppe II \u201eEntscheidungsfindung mit Hilfe von<\/strong> <strong>Methoden der K\u00fcnstlichen Intelligenz\u201c \u2013 Use Case Politik<\/strong>, Projektleitung: Prof. Dr. Gerhard Vowe, Prof. Dr. Marc Ziegele, F\u00f6rderung: J\u00fcrgen Manchot Stiftung<\/p>\n<\/div>\n<\/div>\n\n\n\n<div class=\"wp-block-columns is-layout-flex wp-container-core-columns-is-layout-9d6595d7 wp-block-columns-is-layout-flex\">\n<div class=\"wp-block-column is-layout-flow wp-block-column-is-layout-flow\" style=\"flex-basis:20%\">\n<p>2023 \u2013 2024<\/p>\n<\/div>\n\n\n\n<div class=\"wp-block-column is-layout-flow wp-block-column-is-layout-flow\" style=\"flex-basis:80%\">\n<p><strong>\u201eK\u00fcnstliche Intelligenz und die Rezeption und Wirkung von medial vermittelter politischer Kommunikation\u201c<\/strong>, Projektleitung: Dr. Carina Weinmann, F\u00f6rderung: Hochschule f\u00fcr Musik, Theater und Medien Hannover, Institut f\u00fcr Journalistik und Kommunikationsforschung<\/p>\n<\/div>\n<\/div>\n\n\n\n<div class=\"wp-block-columns is-layout-flex wp-container-core-columns-is-layout-9d6595d7 wp-block-columns-is-layout-flex\">\n<div class=\"wp-block-column is-layout-flow wp-block-column-is-layout-flow\" style=\"flex-basis:20%\">\n<p>2020 \u2013 2022<\/p>\n<\/div>\n\n\n\n<div class=\"wp-block-column is-layout-flow wp-block-column-is-layout-flow\" style=\"flex-basis:80%\">\n<p><strong>&#8222;Determinanten und Effekte von Kooperation in homogenen und heterogenen Forschungsverb\u00fcnden (DEKiF)&#8220;,<\/strong> Projektleitung an der Heinrich-Heine-Universit\u00e4t D\u00fcsseldorf: Prof. Dr. Gerhard Vowe, F\u00f6rderung: Bundesministerium f\u00fcr Bildung und Forschung (BMBF)<\/p>\n<\/div>\n<\/div>\n\n\n\n<div class=\"wp-block-columns is-layout-flex wp-container-core-columns-is-layout-9d6595d7 wp-block-columns-is-layout-flex\">\n<div class=\"wp-block-column is-layout-flow wp-block-column-is-layout-flow\" style=\"flex-basis:20%\">\n<p>2018 \u2013 2019<\/p>\n<\/div>\n\n\n\n<div class=\"wp-block-column is-layout-flow wp-block-column-is-layout-flow\" style=\"flex-basis:80%\">\n<p><strong>\u201eNegativity in Political Communication and Reverse Discrimination\u201c<\/strong>, Projektleitung: Prof. Dr. Melanie Steffens, Dr. Franziska Ehrke, F\u00f6rderung: Forschungsschwerpunkt \u201eKommunikation \u2013 Medien \u2013 Politik\u201c, Universit\u00e4t Koblenz-Landau, Campus Landau, Institut f\u00fcr Kommunikationspsychologie und Medienp\u00e4dagogik<\/p>\n<\/div>\n<\/div>\n\n\n\n<div class=\"wp-block-columns is-layout-flex wp-container-core-columns-is-layout-9d6595d7 wp-block-columns-is-layout-flex\">\n<div class=\"wp-block-column is-layout-flow wp-block-column-is-layout-flow\" style=\"flex-basis:20%\">\n<p>2018<\/p>\n<\/div>\n\n\n\n<div class=\"wp-block-column is-layout-flow wp-block-column-is-layout-flow\" style=\"flex-basis:80%\">\n<p><strong>\u201eEffekte von \u201aCross-Cutting Exposure\u2018\u201c<\/strong>, Projektleitung: Dr. Carina Weinmann, F\u00f6rderung: Forschungsschwerpunkt \u201eKommunikation \u2013 Medien \u2013 Politik\u201c, Universit\u00e4t Koblenz-Landau, Campus Landau, Institut f\u00fcr Kommunikationspsychologie und Medienp\u00e4dagogik<\/p>\n<\/div>\n<\/div>\n\n\n\n<div class=\"wp-block-columns is-layout-flex wp-container-core-columns-is-layout-9d6595d7 wp-block-columns-is-layout-flex\">\n<div class=\"wp-block-column is-layout-flow wp-block-column-is-layout-flow\" style=\"flex-basis:20%\">\n<p>2013 \u2013 2016<\/p>\n<\/div>\n\n\n\n<div class=\"wp-block-column is-layout-flow wp-block-column-is-layout-flow\" style=\"flex-basis:80%\">\n<p><strong>\u201ePolitische Talkshows zur Unterhaltung\u201c<\/strong>, Projektleitung: Prof. Dr. Peter Vorderer, F\u00f6rderung: Deutsche Forschungsgemeinschaft (DFG), Universit\u00e4t Mannheim, Institut f\u00fcr Medien- und Kommunikationswissenschaft<\/p>\n<\/div>\n<\/div>\n\n\n\n<div class=\"wp-block-columns is-layout-flex wp-container-core-columns-is-layout-9d6595d7 wp-block-columns-is-layout-flex\">\n<div class=\"wp-block-column is-layout-flow wp-block-column-is-layout-flow\" style=\"flex-basis:20%\">\n<p>2013<\/p>\n<\/div>\n\n\n\n<div class=\"wp-block-column is-layout-flow wp-block-column-is-layout-flow\" style=\"flex-basis:80%\">\n<p><strong>\u201eEvaluation der Wirksamkeit von Online-Erkl\u00e4rfilmen\u201c<\/strong>, Projektleitung: Prof. Dr. Peter Vorderer, Dr. Frank M. Schneider, F\u00f6rderung: explain it GmbH, M\u00fcnchen, Universit\u00e4t Mannheim, Institut f\u00fcr Medien- und Kommunikationswissenschaft<\/p>\n<\/div>\n<\/div>\n\n\n\n<div class=\"wp-block-columns is-layout-flex wp-container-core-columns-is-layout-9d6595d7 wp-block-columns-is-layout-flex\">\n<div class=\"wp-block-column is-layout-flow wp-block-column-is-layout-flow\" style=\"flex-basis:20%\">\n<p>2011<\/p>\n<\/div>\n\n\n\n<div class=\"wp-block-column is-layout-flow wp-block-column-is-layout-flow\" style=\"flex-basis:80%\">\n<p><strong>\u201eEinfluss der Gestaltung von Stimmzetteln auf die Wahlentscheidung\u201c<\/strong>, Projektleitung: Prof. Dr. Peter Vorderer, F\u00f6rderung: Verfassungsgerichtshof des Saarlandes, Universit\u00e4t Mannheim, Institut f\u00fcr Medien- und Kommunikationswissenschaft<\/p>\n<\/div>\n<\/div>\n\n\n\n<h2 class=\"wp-block-heading\">Gutachtert\u00e4tigkeiten<\/h2>\n\n\n\n<div class=\"wp-block-columns is-layout-flex wp-container-core-columns-is-layout-9d6595d7 wp-block-columns-is-layout-flex\">\n<div class=\"wp-block-column is-layout-flow wp-block-column-is-layout-flow\" style=\"flex-basis:20%\">\n<p><strong>Fachzeitschriften<\/strong><\/p>\n<\/div>\n\n\n\n<div class=\"wp-block-column is-layout-flow wp-block-column-is-layout-flow\" style=\"flex-basis:80%\">\n<p>Communication Methods and Measures, Communication Monographs, Communication Research, Communication Theory, Human Communication Research, Information, Communication &amp; Society, International Journal of Communication, International Journal of Media &amp; Cultural Politics, International Journal of Public Opinion Research, Journal of Broadcasting &amp; Electronic Media, Journal of Communication, Journal of Media Psychology, Journalism, Mass Communication and Society, Media Psychology, Political Psychology, Political Studies Review, Psychology of Popular Media, The International Journal of Press\/Politics<\/p>\n<\/div>\n<\/div>\n\n\n\n<div class=\"wp-block-columns is-layout-flex wp-container-core-columns-is-layout-9d6595d7 wp-block-columns-is-layout-flex\">\n<div class=\"wp-block-column is-layout-flow wp-block-column-is-layout-flow\" style=\"flex-basis:20%\">\n<p><strong>Fachtagungen<\/strong><\/p>\n<\/div>\n\n\n\n<div class=\"wp-block-column is-layout-flow wp-block-column-is-layout-flow\" style=\"flex-basis:80%\">\n<p>Jahrestagung der International Communication Association (ICA), Tagung der Fachgruppe Medienpsychologie der Deutschen Gesellschaft f\u00fcr Psychologie (DGPs), Jahrestagung der Fachgruppe Rezeptions- und Wirkungsforschung der Deutschen Gesellschaft f\u00fcr Publizistik- und Kommunikationswissenschaft (DGPuK), Jahrestagung der Fachgruppe Kommunikation und Politik der Deutschen Gesellschaft f\u00fcr Publizistik- und Kommunikationswissenschaft (DGPuK)<\/p>\n<\/div>\n<\/div>\n\n\n\n<div class=\"wp-block-columns is-layout-flex wp-container-core-columns-is-layout-9d6595d7 wp-block-columns-is-layout-flex\">\n<div class=\"wp-block-column is-layout-flow wp-block-column-is-layout-flow\" style=\"flex-basis:20%\">\n<p><strong>Sonstige<\/strong><\/p>\n<\/div>\n\n\n\n<div class=\"wp-block-column is-layout-flow wp-block-column-is-layout-flow\" style=\"flex-basis:80%\">\n<p>SoSci Panel (open scientific panel)<\/p>\n<\/div>\n<\/div>\n\n\n\n<h2 class=\"wp-block-heading\">Profile auf Forschungswebsites<\/h2>\n\n\n\n<p><a href=\"https:\/\/scholar.google.de\/citations?hl=de&amp;pli=1&amp;user=qFlIY-QAAAAJ\" target=\"_blank\" rel=\"noreferrer noopener\">GoogleScholar<\/a> | <a href=\"https:\/\/orcid.org\/0000-0002-8501-5484\" target=\"_blank\" rel=\"noreferrer noopener\">ORCID<\/a> | <a href=\"https:\/\/osf.io\/gdhrq\/\" target=\"_blank\" rel=\"noreferrer noopener\">OSF<\/a> | <a href=\"https:\/\/www.researchgate.net\/profile\/Carina_Weinmann\" target=\"_blank\" rel=\"noreferrer noopener\">ResearchGate<\/a><\/p>\n","protected":false},"excerpt":{"rendered":"<p>Forschungsschwerpunkte Empirische Deliberationsforschung, insbesondere Rezeption und Wirkung von medienvermittelter Deliberation, Determinanten und Effekte interner Deliberationsprozesse, Deliberativit\u00e4t von medialen Angeboten K\u00fcnstliche<\/p>\n<p><a href=\"https:\/\/carinaweinmann.com\/de\/research\/\" class=\"more-link\">Continue reading&#8230;<span class=\"screen-reader-text\">Forschung<\/span><\/a><\/p>\n","protected":false},"author":1,"featured_media":0,"parent":0,"menu_order":0,"comment_status":"closed","ping_status":"closed","template":"","meta":{"footnotes":""},"class_list":["post-13","page","type-page","status-publish","hentry"],"translation":{"provider":"WPGlobus","version":"3.0.2","language":"de","enabled_languages":["en","de"],"languages":{"en":{"title":true,"content":true,"excerpt":false},"de":{"title":true,"content":true,"excerpt":false}}},"yoast_head":"<!-- This site is optimized with the Yoast SEO plugin v27.3 - https:\/\/yoast.com\/product\/yoast-seo-wordpress\/ -->\n<title>Forschung - Dr. Carina Weinmann<\/title>\n<meta name=\"robots\" content=\"index, follow, max-snippet:-1, max-image-preview:large, max-video-preview:-1\" \/>\n<link rel=\"canonical\" href=\"https:\/\/carinaweinmann.com\/research\/\" \/>\n<meta property=\"og:locale\" content=\"de_DE\" \/>\n<meta property=\"og:type\" content=\"article\" \/>\n<meta property=\"og:title\" content=\"Forschung - Dr. Carina Weinmann\" \/>\n<meta property=\"og:url\" content=\"https:\/\/carinaweinmann.com\/research\/\" \/>\n<meta property=\"og:site_name\" content=\"Dr. Carina Weinmann\" \/>\n<meta property=\"article:modified_time\" content=\"2026-03-13T11:51:21+00:00\" \/>\n<meta name=\"twitter:card\" content=\"summary_large_image\" \/>\n<meta name=\"twitter:label1\" content=\"Gesch\u00e4tzte Lesezeit\" \/>\n\t<meta name=\"twitter:data1\" content=\"4\u00a0Minuten\" \/>\n<script type=\"application\/ld+json\" class=\"yoast-schema-graph\">{\"@context\":\"https:\\\/\\\/schema.org\",\"@graph\":[{\"@type\":\"WebPage\",\"@id\":\"https:\\\/\\\/carinaweinmann.com\\\/research\\\/\",\"url\":\"https:\\\/\\\/carinaweinmann.com\\\/research\\\/\",\"name\":\"Forschung - Dr. Carina Weinmann\",\"isPartOf\":{\"@id\":\"https:\\\/\\\/carinaweinmann.com\\\/de\\\/#website\"},\"datePublished\":\"2020-06-10T16:44:57+00:00\",\"dateModified\":\"2026-03-13T11:51:21+00:00\",\"breadcrumb\":{\"@id\":\"https:\\\/\\\/carinaweinmann.com\\\/research\\\/#breadcrumb\"},\"inLanguage\":\"de\",\"potentialAction\":[{\"@type\":\"ReadAction\",\"target\":[\"https:\\\/\\\/carinaweinmann.com\\\/research\\\/\"]}]},{\"@type\":\"BreadcrumbList\",\"@id\":\"https:\\\/\\\/carinaweinmann.com\\\/research\\\/#breadcrumb\",\"itemListElement\":[{\"@type\":\"ListItem\",\"position\":1,\"name\":\"Home\",\"item\":\"https:\\\/\\\/carinaweinmann.com\\\/\"},{\"@type\":\"ListItem\",\"position\":2,\"name\":\"Forschung\"}]},{\"@type\":\"WebSite\",\"@id\":\"https:\\\/\\\/carinaweinmann.com\\\/de\\\/#website\",\"url\":\"https:\\\/\\\/carinaweinmann.com\\\/de\\\/\",\"name\":\"Dr. Carina Weinmann\",\"description\":\"Kommunikationswissenschaftlerin\",\"publisher\":{\"@id\":\"https:\\\/\\\/carinaweinmann.com\\\/de\\\/#\\\/schema\\\/person\\\/31710719aa49b4b78bb9f2847e3aa450\"},\"potentialAction\":[{\"@type\":\"SearchAction\",\"target\":{\"@type\":\"EntryPoint\",\"urlTemplate\":\"https:\\\/\\\/carinaweinmann.com\\\/de\\\/?s={search_term_string}\"},\"query-input\":{\"@type\":\"PropertyValueSpecification\",\"valueRequired\":true,\"valueName\":\"search_term_string\"}}],\"inLanguage\":\"de\"},{\"@type\":[\"Person\",\"Organization\"],\"@id\":\"https:\\\/\\\/carinaweinmann.com\\\/de\\\/#\\\/schema\\\/person\\\/31710719aa49b4b78bb9f2847e3aa450\",\"name\":\"CarinaWeinmann\",\"image\":{\"@type\":\"ImageObject\",\"inLanguage\":\"de\",\"@id\":\"https:\\\/\\\/secure.gravatar.com\\\/avatar\\\/2e7c03f83f4c651a53616536d206ec326ffdf4111a2d850a6ccf105897c7b3a7?s=96&d=mm&r=g\",\"url\":\"https:\\\/\\\/secure.gravatar.com\\\/avatar\\\/2e7c03f83f4c651a53616536d206ec326ffdf4111a2d850a6ccf105897c7b3a7?s=96&d=mm&r=g\",\"contentUrl\":\"https:\\\/\\\/secure.gravatar.com\\\/avatar\\\/2e7c03f83f4c651a53616536d206ec326ffdf4111a2d850a6ccf105897c7b3a7?s=96&d=mm&r=g\",\"caption\":\"CarinaWeinmann\"},\"logo\":{\"@id\":\"https:\\\/\\\/secure.gravatar.com\\\/avatar\\\/2e7c03f83f4c651a53616536d206ec326ffdf4111a2d850a6ccf105897c7b3a7?s=96&d=mm&r=g\"}}]}<\/script>\n<!-- \/ Yoast SEO plugin. -->","yoast_head_json":{"title":"Forschung - Dr. Carina Weinmann","robots":{"index":"index","follow":"follow","max-snippet":"max-snippet:-1","max-image-preview":"max-image-preview:large","max-video-preview":"max-video-preview:-1"},"canonical":"https:\/\/carinaweinmann.com\/research\/","og_locale":"de_DE","og_type":"article","og_title":"Forschung - Dr. Carina Weinmann","og_url":"https:\/\/carinaweinmann.com\/research\/","og_site_name":"Dr. Carina Weinmann","article_modified_time":"2026-03-13T11:51:21+00:00","twitter_card":"summary_large_image","twitter_misc":{"Gesch\u00e4tzte Lesezeit":"4\u00a0Minuten"},"schema":{"@context":"https:\/\/schema.org","@graph":[{"@type":"WebPage","@id":"https:\/\/carinaweinmann.com\/research\/","url":"https:\/\/carinaweinmann.com\/research\/","name":"Forschung - Dr. Carina Weinmann","isPartOf":{"@id":"https:\/\/carinaweinmann.com\/de\/#website"},"datePublished":"2020-06-10T16:44:57+00:00","dateModified":"2026-03-13T11:51:21+00:00","breadcrumb":{"@id":"https:\/\/carinaweinmann.com\/research\/#breadcrumb"},"inLanguage":"de","potentialAction":[{"@type":"ReadAction","target":["https:\/\/carinaweinmann.com\/research\/"]}]},{"@type":"BreadcrumbList","@id":"https:\/\/carinaweinmann.com\/research\/#breadcrumb","itemListElement":[{"@type":"ListItem","position":1,"name":"Home","item":"https:\/\/carinaweinmann.com\/"},{"@type":"ListItem","position":2,"name":"Forschung"}]},{"@type":"WebSite","@id":"https:\/\/carinaweinmann.com\/de\/#website","url":"https:\/\/carinaweinmann.com\/de\/","name":"Dr. Carina Weinmann","description":"Kommunikationswissenschaftlerin","publisher":{"@id":"https:\/\/carinaweinmann.com\/de\/#\/schema\/person\/31710719aa49b4b78bb9f2847e3aa450"},"potentialAction":[{"@type":"SearchAction","target":{"@type":"EntryPoint","urlTemplate":"https:\/\/carinaweinmann.com\/de\/?s={search_term_string}"},"query-input":{"@type":"PropertyValueSpecification","valueRequired":true,"valueName":"search_term_string"}}],"inLanguage":"de"},{"@type":["Person","Organization"],"@id":"https:\/\/carinaweinmann.com\/de\/#\/schema\/person\/31710719aa49b4b78bb9f2847e3aa450","name":"CarinaWeinmann","image":{"@type":"ImageObject","inLanguage":"de","@id":"https:\/\/secure.gravatar.com\/avatar\/2e7c03f83f4c651a53616536d206ec326ffdf4111a2d850a6ccf105897c7b3a7?s=96&d=mm&r=g","url":"https:\/\/secure.gravatar.com\/avatar\/2e7c03f83f4c651a53616536d206ec326ffdf4111a2d850a6ccf105897c7b3a7?s=96&d=mm&r=g","contentUrl":"https:\/\/secure.gravatar.com\/avatar\/2e7c03f83f4c651a53616536d206ec326ffdf4111a2d850a6ccf105897c7b3a7?s=96&d=mm&r=g","caption":"CarinaWeinmann"},"logo":{"@id":"https:\/\/secure.gravatar.com\/avatar\/2e7c03f83f4c651a53616536d206ec326ffdf4111a2d850a6ccf105897c7b3a7?s=96&d=mm&r=g"}}]}},"_links":{"self":[{"href":"https:\/\/carinaweinmann.com\/de\/wp-json\/wp\/v2\/pages\/13","targetHints":{"allow":["GET"]}}],"collection":[{"href":"https:\/\/carinaweinmann.com\/de\/wp-json\/wp\/v2\/pages"}],"about":[{"href":"https:\/\/carinaweinmann.com\/de\/wp-json\/wp\/v2\/types\/page"}],"author":[{"embeddable":true,"href":"https:\/\/carinaweinmann.com\/de\/wp-json\/wp\/v2\/users\/1"}],"replies":[{"embeddable":true,"href":"https:\/\/carinaweinmann.com\/de\/wp-json\/wp\/v2\/comments?post=13"}],"version-history":[{"count":108,"href":"https:\/\/carinaweinmann.com\/de\/wp-json\/wp\/v2\/pages\/13\/revisions"}],"predecessor-version":[{"id":1191,"href":"https:\/\/carinaweinmann.com\/de\/wp-json\/wp\/v2\/pages\/13\/revisions\/1191"}],"wp:attachment":[{"href":"https:\/\/carinaweinmann.com\/de\/wp-json\/wp\/v2\/media?parent=13"}],"curies":[{"name":"wp","href":"https:\/\/api.w.org\/{rel}","templated":true}]}}