{"id":27,"date":"2020-06-10T16:51:19","date_gmt":"2020-06-10T16:51:19","guid":{"rendered":"http:\/\/carinaweinmann.com\/?page_id=27"},"modified":"2026-04-03T19:33:44","modified_gmt":"2026-04-03T19:33:44","slug":"contact","status":"publish","type":"page","link":"https:\/\/carinaweinmann.com\/de\/contact\/","title":{"rendered":"Kontakt"},"content":{"rendered":"\n<p class=\"has-text-align-center\">Wenn Sie mich kontaktieren m\u00f6chten, erreichen Sie mich \u00fcber <a href=\"mailto:c.weinmann@hhu.de\" target=\"_blank\" rel=\"noreferrer noopener\">E-Mail<\/a> oder <a aria-label=\"undefined (opens in a new tab)\" href=\"http:\/\/linkedin.com\/in\/dr-carina-weinmann\" target=\"_blank\" rel=\"noreferrer noopener\">LinkedIn<\/a>.<\/p>\n\n\n\n<p class=\"has-text-align-center\">Sie k\u00f6nnen mir auch \u00fcber das unten stehende Kontaktformular eine Nachricht senden.<\/p>\n\n\n\n<hr class=\"wp-block-separator has-css-opacity\"\/>\n\n\n\n<div class=\"wpcf7 no-js\" id=\"wpcf7-f251-o1\" lang=\"en-US\" dir=\"ltr\" data-wpcf7-id=\"251\">\n<div class=\"screen-reader-response\"><p role=\"status\" aria-live=\"polite\" aria-atomic=\"true\"><\/p> <ul><\/ul><\/div>\n<form action=\"\/de\/wp-json\/wp\/v2\/pages\/27#wpcf7-f251-o1\" method=\"post\" class=\"wpcf7-form init\" aria-label=\"Contact form\" novalidate=\"novalidate\" data-status=\"init\">\n<fieldset class=\"hidden-fields-container\"><input type=\"hidden\" name=\"_wpcf7\" value=\"251\" \/><input type=\"hidden\" name=\"_wpcf7_version\" value=\"6.1.5\" \/><input type=\"hidden\" name=\"_wpcf7_locale\" value=\"en_US\" \/><input type=\"hidden\" name=\"_wpcf7_unit_tag\" value=\"wpcf7-f251-o1\" \/><input type=\"hidden\" name=\"_wpcf7_container_post\" value=\"0\" \/><input type=\"hidden\" name=\"_wpcf7_posted_data_hash\" value=\"\" \/>\n<\/fieldset>\n<p><label> Ihr Name (Pflichtfeld)<br \/>\n<span class=\"wpcf7-form-control-wrap\" data-name=\"ihr-name\"><input size=\"40\" maxlength=\"400\" class=\"wpcf7-form-control wpcf7-text wpcf7-validates-as-required\" aria-required=\"true\" aria-invalid=\"false\" value=\"\" type=\"text\" name=\"ihr-name\" \/><\/span> <\/label>\n<\/p>\n<p><label> Ihre E-Mail-Adresse (Pflichtfeld)<br \/>\n<span class=\"wpcf7-form-control-wrap\" data-name=\"ihre-e-mail-adresse\"><input size=\"40\" maxlength=\"400\" class=\"wpcf7-form-control wpcf7-email wpcf7-validates-as-required wpcf7-text wpcf7-validates-as-email\" aria-required=\"true\" aria-invalid=\"false\" value=\"\" type=\"email\" name=\"ihre-e-mail-adresse\" \/><\/span> <\/label>\n<\/p>\n<p><label> Betreff<br \/>\n<span class=\"wpcf7-form-control-wrap\" data-name=\"ihr-betreff\"><input size=\"40\" maxlength=\"400\" class=\"wpcf7-form-control wpcf7-text\" aria-invalid=\"false\" value=\"\" type=\"text\" name=\"ihr-betreff\" \/><\/span> <\/label>\n<\/p>\n<p><label> Ihre Nachricht<br \/>\n<span class=\"wpcf7-form-control-wrap\" data-name=\"ihre-nachricht\"><textarea cols=\"40\" rows=\"10\" maxlength=\"2000\" class=\"wpcf7-form-control wpcf7-textarea\" aria-invalid=\"false\" name=\"ihre-nachricht\"><\/textarea><\/span> <\/label>\n<\/p>\n<p><span class=\"wpcf7-form-control-wrap kc_captcha\" data-name=\"kc_captcha\"><span class=\"wpcf7-form-control wpcf7-radio\"><span class=\"captcha-image\" ><span class=\"cf7ic_instructions\">Please prove you are human by selecting the<span> key<\/span>.<\/span><label><input aria-label=\"1\" type=\"radio\" name=\"kc_captcha\" value=\"bot\" \/><svg aria-hidden=\"true\" role=\"img\" xmlns=\"http:\/\/www.w3.org\/2000\/svg\" viewBox=\"0 0 576 512\"><path fill=\"currentColor\" d=\"M415 24c-53 0-103 42-127 65-24-23-74-65-127-65C70 24 16 77 16 166c0 72 67 133 69 135l187 181c9 8 23 8 32 0l187-180c2-3 69-64 69-136 0-89-54-142-145-142z\"\/><\/svg><\/label><label><input aria-label=\"2\" type=\"radio\" name=\"kc_captcha\" value=\"bot\" \/><svg aria-hidden=\"true\" role=\"img\" xmlns=\"http:\/\/www.w3.org\/2000\/svg\" viewBox=\"0 0 576 512\"><path fill=\"currentColor\" d=\"M259 18l-65 132-146 22c-26 3-37 36-18 54l106 103-25 146c-5 26 23 46 46 33l131-68 131 68c23 13 51-7 46-33l-25-146 106-103c19-18 8-51-18-54l-146-22-65-132a32 32 0 00-58 0z\"\/><\/svg><\/label><label><input aria-label=\"3\" type=\"radio\" name=\"kc_captcha\" value=\"kc_human\" \/><svg aria-hidden=\"true\" role=\"img\" xmlns=\"http:\/\/www.w3.org\/2000\/svg\" viewBox=\"0 0 512 512\"><path fill=\"currentColor\" d=\"M512 176a176 176 0 01-209 173l-24 27a24 24 0 01-18 8h-37v40c0 13-11 24-24 24h-40v40c0 13-11 24-24 24H24c-13 0-24-11-24-24v-78c0-6 3-13 7-17l162-162a176 176 0 11343-55zm-176-48a48 48 0 1096 0 48 48 0 00-96 0z\"\/><\/svg><\/label>\r\n    <\/span>\r\n    <span style=\"display:none\">\r\n        <input type=\"text\" name=\"kc_honeypot\">\r\n    <\/span><\/span><\/span>\n<\/p>\n<p><input class=\"wpcf7-form-control wpcf7-submit has-spinner\" type=\"submit\" value=\"Senden\" \/>\n<\/p><p style=\"display: none !important;\" class=\"akismet-fields-container\" data-prefix=\"_wpcf7_ak_\"><label>&#916;<textarea name=\"_wpcf7_ak_hp_textarea\" cols=\"45\" rows=\"8\" maxlength=\"100\"><\/textarea><\/label><input type=\"hidden\" id=\"ak_js_1\" name=\"_wpcf7_ak_js\" value=\"128\"\/><script>document.getElementById( \"ak_js_1\" ).setAttribute( \"value\", ( new Date() ).getTime() );<\/script><\/p><div class=\"wpcf7-response-output\" aria-hidden=\"true\"><\/div>\n<\/form>\n<\/div>\n\n\n\n\n<hr class=\"wp-block-separator has-css-opacity\"\/>\n","protected":false},"excerpt":{"rendered":"<p>Wenn Sie mich kontaktieren m\u00f6chten, erreichen Sie mich \u00fcber E-Mail oder LinkedIn. Sie k\u00f6nnen mir auch \u00fcber das unten stehende<\/p>\n<p><a href=\"https:\/\/carinaweinmann.com\/de\/contact\/\" class=\"more-link\">Continue reading&#8230;<span class=\"screen-reader-text\">Kontakt<\/span><\/a><\/p>\n","protected":false},"author":1,"featured_media":0,"parent":0,"menu_order":0,"comment_status":"closed","ping_status":"closed","template":"","meta":{"footnotes":""},"class_list":["post-27","page","type-page","status-publish","hentry"],"translation":{"provider":"WPGlobus","version":"3.0.2","language":"de","enabled_languages":["en","de"],"languages":{"en":{"title":true,"content":true,"excerpt":false},"de":{"title":true,"content":true,"excerpt":false}}},"yoast_head":"<!-- This site is optimized with the Yoast SEO plugin v27.3 - https:\/\/yoast.com\/product\/yoast-seo-wordpress\/ -->\n<title>Kontakt - Dr. Carina Weinmann<\/title>\n<meta name=\"robots\" content=\"index, follow, max-snippet:-1, max-image-preview:large, max-video-preview:-1\" \/>\n<link rel=\"canonical\" href=\"https:\/\/carinaweinmann.com\/contact\/\" \/>\n<meta property=\"og:locale\" content=\"de_DE\" \/>\n<meta property=\"og:type\" content=\"article\" \/>\n<meta property=\"og:title\" content=\"Kontakt - Dr. Carina Weinmann\" \/>\n<meta property=\"og:url\" content=\"https:\/\/carinaweinmann.com\/contact\/\" \/>\n<meta property=\"og:site_name\" content=\"Dr. Carina Weinmann\" \/>\n<meta property=\"article:modified_time\" content=\"2026-04-03T19:33:44+00:00\" \/>\n<meta name=\"twitter:card\" content=\"summary_large_image\" \/>\n<meta name=\"twitter:label1\" content=\"Est. reading time\" \/>\n\t<meta name=\"twitter:data1\" content=\"1\u00a0Minute\" \/>\n<script type=\"application\/ld+json\" class=\"yoast-schema-graph\">{\"@context\":\"https:\\\/\\\/schema.org\",\"@graph\":[{\"@type\":\"WebPage\",\"@id\":\"https:\\\/\\\/carinaweinmann.com\\\/contact\\\/\",\"url\":\"https:\\\/\\\/carinaweinmann.com\\\/contact\\\/\",\"name\":\"Kontakt - Dr. Carina Weinmann\",\"isPartOf\":{\"@id\":\"https:\\\/\\\/carinaweinmann.com\\\/de\\\/#website\"},\"datePublished\":\"2020-06-10T16:51:19+00:00\",\"dateModified\":\"2026-04-03T19:33:44+00:00\",\"breadcrumb\":{\"@id\":\"https:\\\/\\\/carinaweinmann.com\\\/contact\\\/#breadcrumb\"},\"inLanguage\":\"de\",\"potentialAction\":[{\"@type\":\"ReadAction\",\"target\":[\"https:\\\/\\\/carinaweinmann.com\\\/contact\\\/\"]}]},{\"@type\":\"BreadcrumbList\",\"@id\":\"https:\\\/\\\/carinaweinmann.com\\\/contact\\\/#breadcrumb\",\"itemListElement\":[{\"@type\":\"ListItem\",\"position\":1,\"name\":\"Home\",\"item\":\"https:\\\/\\\/carinaweinmann.com\\\/\"},{\"@type\":\"ListItem\",\"position\":2,\"name\":\"Kontakt\"}]},{\"@type\":\"WebSite\",\"@id\":\"https:\\\/\\\/carinaweinmann.com\\\/de\\\/#website\",\"url\":\"https:\\\/\\\/carinaweinmann.com\\\/de\\\/\",\"name\":\"Dr. Carina Weinmann\",\"description\":\"Kommunikationswissenschaftlerin\",\"publisher\":{\"@id\":\"https:\\\/\\\/carinaweinmann.com\\\/de\\\/#\\\/schema\\\/person\\\/31710719aa49b4b78bb9f2847e3aa450\"},\"potentialAction\":[{\"@type\":\"SearchAction\",\"target\":{\"@type\":\"EntryPoint\",\"urlTemplate\":\"https:\\\/\\\/carinaweinmann.com\\\/de\\\/?s={search_term_string}\"},\"query-input\":{\"@type\":\"PropertyValueSpecification\",\"valueRequired\":true,\"valueName\":\"search_term_string\"}}],\"inLanguage\":\"de\"},{\"@type\":[\"Person\",\"Organization\"],\"@id\":\"https:\\\/\\\/carinaweinmann.com\\\/de\\\/#\\\/schema\\\/person\\\/31710719aa49b4b78bb9f2847e3aa450\",\"name\":\"CarinaWeinmann\",\"image\":{\"@type\":\"ImageObject\",\"inLanguage\":\"de\",\"@id\":\"https:\\\/\\\/secure.gravatar.com\\\/avatar\\\/2e7c03f83f4c651a53616536d206ec326ffdf4111a2d850a6ccf105897c7b3a7?s=96&d=mm&r=g\",\"url\":\"https:\\\/\\\/secure.gravatar.com\\\/avatar\\\/2e7c03f83f4c651a53616536d206ec326ffdf4111a2d850a6ccf105897c7b3a7?s=96&d=mm&r=g\",\"contentUrl\":\"https:\\\/\\\/secure.gravatar.com\\\/avatar\\\/2e7c03f83f4c651a53616536d206ec326ffdf4111a2d850a6ccf105897c7b3a7?s=96&d=mm&r=g\",\"caption\":\"CarinaWeinmann\"},\"logo\":{\"@id\":\"https:\\\/\\\/secure.gravatar.com\\\/avatar\\\/2e7c03f83f4c651a53616536d206ec326ffdf4111a2d850a6ccf105897c7b3a7?s=96&d=mm&r=g\"}}]}<\/script>\n<!-- \/ Yoast SEO plugin. -->","yoast_head_json":{"title":"Kontakt - Dr. Carina Weinmann","robots":{"index":"index","follow":"follow","max-snippet":"max-snippet:-1","max-image-preview":"max-image-preview:large","max-video-preview":"max-video-preview:-1"},"canonical":"https:\/\/carinaweinmann.com\/contact\/","og_locale":"de_DE","og_type":"article","og_title":"Kontakt - Dr. Carina Weinmann","og_url":"https:\/\/carinaweinmann.com\/contact\/","og_site_name":"Dr. Carina Weinmann","article_modified_time":"2026-04-03T19:33:44+00:00","twitter_card":"summary_large_image","twitter_misc":{"Est. reading time":"1\u00a0Minute"},"schema":{"@context":"https:\/\/schema.org","@graph":[{"@type":"WebPage","@id":"https:\/\/carinaweinmann.com\/contact\/","url":"https:\/\/carinaweinmann.com\/contact\/","name":"Kontakt - Dr. Carina Weinmann","isPartOf":{"@id":"https:\/\/carinaweinmann.com\/de\/#website"},"datePublished":"2020-06-10T16:51:19+00:00","dateModified":"2026-04-03T19:33:44+00:00","breadcrumb":{"@id":"https:\/\/carinaweinmann.com\/contact\/#breadcrumb"},"inLanguage":"de","potentialAction":[{"@type":"ReadAction","target":["https:\/\/carinaweinmann.com\/contact\/"]}]},{"@type":"BreadcrumbList","@id":"https:\/\/carinaweinmann.com\/contact\/#breadcrumb","itemListElement":[{"@type":"ListItem","position":1,"name":"Home","item":"https:\/\/carinaweinmann.com\/"},{"@type":"ListItem","position":2,"name":"Kontakt"}]},{"@type":"WebSite","@id":"https:\/\/carinaweinmann.com\/de\/#website","url":"https:\/\/carinaweinmann.com\/de\/","name":"Dr. Carina Weinmann","description":"Kommunikationswissenschaftlerin","publisher":{"@id":"https:\/\/carinaweinmann.com\/de\/#\/schema\/person\/31710719aa49b4b78bb9f2847e3aa450"},"potentialAction":[{"@type":"SearchAction","target":{"@type":"EntryPoint","urlTemplate":"https:\/\/carinaweinmann.com\/de\/?s={search_term_string}"},"query-input":{"@type":"PropertyValueSpecification","valueRequired":true,"valueName":"search_term_string"}}],"inLanguage":"de"},{"@type":["Person","Organization"],"@id":"https:\/\/carinaweinmann.com\/de\/#\/schema\/person\/31710719aa49b4b78bb9f2847e3aa450","name":"CarinaWeinmann","image":{"@type":"ImageObject","inLanguage":"de","@id":"https:\/\/secure.gravatar.com\/avatar\/2e7c03f83f4c651a53616536d206ec326ffdf4111a2d850a6ccf105897c7b3a7?s=96&d=mm&r=g","url":"https:\/\/secure.gravatar.com\/avatar\/2e7c03f83f4c651a53616536d206ec326ffdf4111a2d850a6ccf105897c7b3a7?s=96&d=mm&r=g","contentUrl":"https:\/\/secure.gravatar.com\/avatar\/2e7c03f83f4c651a53616536d206ec326ffdf4111a2d850a6ccf105897c7b3a7?s=96&d=mm&r=g","caption":"CarinaWeinmann"},"logo":{"@id":"https:\/\/secure.gravatar.com\/avatar\/2e7c03f83f4c651a53616536d206ec326ffdf4111a2d850a6ccf105897c7b3a7?s=96&d=mm&r=g"}}]}},"_links":{"self":[{"href":"https:\/\/carinaweinmann.com\/de\/wp-json\/wp\/v2\/pages\/27","targetHints":{"allow":["GET"]}}],"collection":[{"href":"https:\/\/carinaweinmann.com\/de\/wp-json\/wp\/v2\/pages"}],"about":[{"href":"https:\/\/carinaweinmann.com\/de\/wp-json\/wp\/v2\/types\/page"}],"author":[{"embeddable":true,"href":"https:\/\/carinaweinmann.com\/de\/wp-json\/wp\/v2\/users\/1"}],"replies":[{"embeddable":true,"href":"https:\/\/carinaweinmann.com\/de\/wp-json\/wp\/v2\/comments?post=27"}],"version-history":[{"count":35,"href":"https:\/\/carinaweinmann.com\/de\/wp-json\/wp\/v2\/pages\/27\/revisions"}],"predecessor-version":[{"id":1196,"href":"https:\/\/carinaweinmann.com\/de\/wp-json\/wp\/v2\/pages\/27\/revisions\/1196"}],"wp:attachment":[{"href":"https:\/\/carinaweinmann.com\/de\/wp-json\/wp\/v2\/media?parent=27"}],"curies":[{"name":"wp","href":"https:\/\/api.w.org\/{rel}","templated":true}]}}