{"id":462,"date":"2020-12-04T23:36:57","date_gmt":"2020-12-04T23:36:57","guid":{"rendered":"https:\/\/carinaweinmann.com\/?page_id=462"},"modified":"2025-09-27T19:45:21","modified_gmt":"2025-09-27T19:45:21","slug":"teaching","status":"publish","type":"page","link":"https:\/\/carinaweinmann.com\/de\/teaching\/","title":{"rendered":"Lehre"},"content":{"rendered":"\n<h2 class=\"wp-block-heading\">Wintersemester 2025\/26\u00a0\u00a0\u00a0\u00a0\u00a0\u00a0\u00a0\u00a0\u00a0\u00a0\u00a0\u00a0\u00a0<\/h2>\n\n\n\n<p><strong>Vorlesung<\/strong> \u201eMedienstrukturen und Medienentwicklung\u201c (BA Kommunikationswissenschaft), Hochschule f\u00fcr Musik, Theater und Medien Hannover, Institut f\u00fcr Journalistik und Kommunikationsforschung<\/p>\n\n\n\n<h2 class=\"wp-block-heading\">Wintersemester 2024\/25<\/h2>\n\n\n\n<p><strong>Seminar<\/strong> \u201eBerufsfelder der politischen Kommunikation\u201c (MA Politische Kommunikation), Heinrich-Heine-Universit\u00e4t D\u00fcsseldorf, Institut f\u00fcr Sozialwissenschaften<\/p>\n\n\n\n<h2 class=\"wp-block-heading\">Wintersemester 2023\/24&nbsp;&nbsp;&nbsp;&nbsp;&nbsp;&nbsp;&nbsp;&nbsp;&nbsp;&nbsp;&nbsp;&nbsp;&nbsp; <\/h2>\n\n\n\n<p><strong>Vorlesung<\/strong> \u201eMedienstrukturen und Medienentwicklung\u201c (BA Kommunikationswissenschaft), Hochschule f\u00fcr Musik, Theater und Medien Hannover, Institut f\u00fcr Journalistik und Kommunikationsforschung<\/p>\n\n\n\n<p><strong>Seminar<\/strong> \u201eForschungsprojekt: K\u00fcnstliche Intelligenz und die Rezeption und Wirkung von medial vermittelter politischer Kommunikation\u201c (MA Kommunikations- und Medienforschung, MA Medien und Musik) mit Robin Leuppert, M.A., Hochschule f\u00fcr Musik, Theater und Medien Hannover, Institut f\u00fcr Journalistik und Kommunikationsforschung<\/p>\n\n\n\n<h2 class=\"wp-block-heading\">Sommersemester 2023<\/h2>\n\n\n\n<p><strong>\u00dcbung<\/strong> \u201eEmpirische Forschung und Statistik\u201c (BA Medien &amp; Journalismus), Hochschule Macromedia Plus, Campus D\u00fcsseldorf<\/p>\n\n\n\n<h2 class=\"wp-block-heading\">Wintersemester 2022\/23<\/h2>\n\n\n\n<p><strong>Seminar <\/strong>\u201eRezeptionsforschung\u201c (BA Crossmedia-Redaktion\/Public Relations), Hochschule der Medien, Fakult\u00e4t Electronic Media<\/p>\n\n\n\n<h2 class=\"wp-block-heading\">Sommersemester 2021<\/h2>\n\n\n\n<p><strong>Aufbauseminar <\/strong>\u201eLernen und Bildung mit unterhaltenden Medienangeboten\u201c (BA Sozialwissenschaften), Heinrich-Heine-Universit\u00e4t D\u00fcsseldorf, Institut f\u00fcr Sozialwissenschaften<\/p>\n\n\n\n<p><strong>Vertiefungsseminar <\/strong>\u201eMedienpsychologische Forschung\u201c (BA Sozialwissenschaften), Heinrich-Heine-Universit\u00e4t D\u00fcsseldorf, Institut f\u00fcr Sozialwissenschaften<\/p>\n\n\n\n<h2 class=\"wp-block-heading\">Wintersemester 2020\/21<\/h2>\n\n\n\n<p><strong>Aufbauseminar <\/strong>\u201eLernen und Bildung mit unterhaltenden Medienangeboten\u201c (BA Sozialwissenschaften), Heinrich-Heine-Universit\u00e4t D\u00fcsseldorf, Institut f\u00fcr Sozialwissenschaften<\/p>\n\n\n\n<p><strong>\u00dcbung <\/strong>\u201eDas Mediensystem in Deutschland\u201c (BA Sozialwissenschaften), Heinrich-Heine-Universit\u00e4t D\u00fcsseldorf, Institut f\u00fcr Sozialwissenschaften<\/p>\n\n\n\n<h2 class=\"wp-block-heading\">Wintersemester 2018\/19<\/h2>\n\n\n\n<p><strong>Seminar <\/strong>\u201eMarkt- und Medienforschung\u201c (BA Psychologie), Universit\u00e4t Koblenz-Landau, Campus Landau, Institut f\u00fcr Kommunikationspsychologie und Medienp\u00e4dagogik<\/p>\n\n\n\n<p><strong>\u00dcbung <\/strong>\u201eEmpirisches Praktikum\u201c (BA Psychologie), Universit\u00e4t Koblenz-Landau, Campus Landau, Institut f\u00fcr Kommunikationspsychologie und Medienp\u00e4dagogik<\/p>\n\n\n\n<h2 class=\"wp-block-heading\">Sommersemester 2018<\/h2>\n\n\n\n<p><strong>Seminar <\/strong>\u201eAktuelle Themen der Kommunikationswissenschaft: Fake News \u2013 Wirkungen und Gegenwirkungen aus kommunikationswissenschaftlicher Perspektive\u201c (BA Sozial- und Kommunikationswissenschaften), Universit\u00e4t Koblenz-Landau, Campus Landau, Institut f\u00fcr Kommunikationspsychologie und Medienp\u00e4dagogik<\/p>\n\n\n\n<p><strong>Seminar <\/strong>\u201eKommunikations- und Medienpsychologie\u201c (BA Psychologie), Universit\u00e4t Koblenz-Landau, Campus Landau, Institut f\u00fcr Kommunikationspsychologie und Medienp\u00e4dagogik<\/p>\n\n\n\n<h2 class=\"wp-block-heading\">Fr\u00fchjahrs- und Sommersemester 2017<\/h2>\n\n\n\n<p><strong>Methodenein\u00fcbung <\/strong>\u201eExperimentelle Forschung in der Kommunikationswissenschaft\u201c (BA Medien- und Kommunikationswissenschaft), Universit\u00e4t Mannheim, Institut f\u00fcr Medien- und Kommunikationswissenschaft<\/p>\n\n\n\n<h2 class=\"wp-block-heading\">Fr\u00fchjahrs- und Sommersemester 2016<\/h2>\n\n\n\n<p><strong>Methodenein\u00fcbung <\/strong>\u201eExperimentelle Forschung in der Kommunikationswissenschaft\u201c (BA Medien- und Kommunikationswissenschaft), Universit\u00e4t Mannheim, Institut f\u00fcr Medien- und Kommunikationswissenschaft<\/p>\n\n\n\n<h2 class=\"wp-block-heading\">Herbst- und Wintersemester 2014\/15<\/h2>\n\n\n\n<p><strong>Hauptseminar <\/strong>\u201eRecent developments in political entertainment research\u201d (BA Medien- und Kommunikationswissenschaft) mit Prof. Dr. Peter Vorderer, Universit\u00e4t Mannheim, Institut f\u00fcr Medien- und Kommunikationswissenschaft<\/p>\n\n\n\n<h2 class=\"wp-block-heading\">Herbst- und Wintersemester 2012\/13<\/h2>\n\n\n\n<p><strong>Praxisseminar I <\/strong>\u201eEinf\u00fchrung in das wissenschaftliche Arbeiten\u201c (BA Medien- und Kommunikationswissenschaft), Universit\u00e4t Mannheim, Institut f\u00fcr Medien- und Kommunikationswissenschaft<\/p>\n","protected":false},"excerpt":{"rendered":"<p>Wintersemester 2025\/26\u00a0\u00a0\u00a0\u00a0\u00a0\u00a0\u00a0\u00a0\u00a0\u00a0\u00a0\u00a0\u00a0 Vorlesung \u201eMedienstrukturen und Medienentwicklung\u201c (BA Kommunikationswissenschaft), Hochschule f\u00fcr Musik, Theater und Medien Hannover, Institut f\u00fcr Journalistik und Kommunikationsforschung<\/p>\n<p><a href=\"https:\/\/carinaweinmann.com\/de\/teaching\/\" class=\"more-link\">Continue reading&#8230;<span class=\"screen-reader-text\">Lehre<\/span><\/a><\/p>\n","protected":false},"author":1,"featured_media":0,"parent":0,"menu_order":0,"comment_status":"closed","ping_status":"closed","template":"","meta":{"footnotes":""},"class_list":["post-462","page","type-page","status-publish","hentry"],"translation":{"provider":"WPGlobus","version":"3.0.2","language":"de","enabled_languages":["en","de"],"languages":{"en":{"title":true,"content":true,"excerpt":false},"de":{"title":true,"content":true,"excerpt":false}}},"yoast_head":"<!-- This site is optimized with the Yoast SEO plugin v27.3 - https:\/\/yoast.com\/product\/yoast-seo-wordpress\/ -->\n<title>Lehre - Dr. Carina Weinmann<\/title>\n<meta name=\"robots\" content=\"index, follow, max-snippet:-1, max-image-preview:large, max-video-preview:-1\" \/>\n<link rel=\"canonical\" href=\"https:\/\/carinaweinmann.com\/teaching\/\" \/>\n<meta property=\"og:locale\" content=\"de_DE\" \/>\n<meta property=\"og:type\" content=\"article\" \/>\n<meta property=\"og:title\" content=\"Lehre - Dr. Carina Weinmann\" \/>\n<meta property=\"og:url\" content=\"https:\/\/carinaweinmann.com\/teaching\/\" \/>\n<meta property=\"og:site_name\" content=\"Dr. Carina Weinmann\" \/>\n<meta property=\"article:modified_time\" content=\"2025-09-27T19:45:21+00:00\" \/>\n<meta name=\"twitter:card\" content=\"summary_large_image\" \/>\n<meta name=\"twitter:label1\" content=\"Gesch\u00e4tzte Lesezeit\" \/>\n\t<meta name=\"twitter:data1\" content=\"2\u00a0Minuten\" \/>\n<script type=\"application\/ld+json\" class=\"yoast-schema-graph\">{\"@context\":\"https:\\\/\\\/schema.org\",\"@graph\":[{\"@type\":\"WebPage\",\"@id\":\"https:\\\/\\\/carinaweinmann.com\\\/teaching\\\/\",\"url\":\"https:\\\/\\\/carinaweinmann.com\\\/teaching\\\/\",\"name\":\"Lehre - Dr. Carina Weinmann\",\"isPartOf\":{\"@id\":\"https:\\\/\\\/carinaweinmann.com\\\/de\\\/#website\"},\"datePublished\":\"2020-12-04T23:36:57+00:00\",\"dateModified\":\"2025-09-27T19:45:21+00:00\",\"breadcrumb\":{\"@id\":\"https:\\\/\\\/carinaweinmann.com\\\/teaching\\\/#breadcrumb\"},\"inLanguage\":\"de\",\"potentialAction\":[{\"@type\":\"ReadAction\",\"target\":[\"https:\\\/\\\/carinaweinmann.com\\\/teaching\\\/\"]}]},{\"@type\":\"BreadcrumbList\",\"@id\":\"https:\\\/\\\/carinaweinmann.com\\\/teaching\\\/#breadcrumb\",\"itemListElement\":[{\"@type\":\"ListItem\",\"position\":1,\"name\":\"Home\",\"item\":\"https:\\\/\\\/carinaweinmann.com\\\/\"},{\"@type\":\"ListItem\",\"position\":2,\"name\":\"Lehre\"}]},{\"@type\":\"WebSite\",\"@id\":\"https:\\\/\\\/carinaweinmann.com\\\/de\\\/#website\",\"url\":\"https:\\\/\\\/carinaweinmann.com\\\/de\\\/\",\"name\":\"Dr. Carina Weinmann\",\"description\":\"Kommunikationswissenschaftlerin\",\"publisher\":{\"@id\":\"https:\\\/\\\/carinaweinmann.com\\\/de\\\/#\\\/schema\\\/person\\\/31710719aa49b4b78bb9f2847e3aa450\"},\"potentialAction\":[{\"@type\":\"SearchAction\",\"target\":{\"@type\":\"EntryPoint\",\"urlTemplate\":\"https:\\\/\\\/carinaweinmann.com\\\/de\\\/?s={search_term_string}\"},\"query-input\":{\"@type\":\"PropertyValueSpecification\",\"valueRequired\":true,\"valueName\":\"search_term_string\"}}],\"inLanguage\":\"de\"},{\"@type\":[\"Person\",\"Organization\"],\"@id\":\"https:\\\/\\\/carinaweinmann.com\\\/de\\\/#\\\/schema\\\/person\\\/31710719aa49b4b78bb9f2847e3aa450\",\"name\":\"CarinaWeinmann\",\"image\":{\"@type\":\"ImageObject\",\"inLanguage\":\"de\",\"@id\":\"https:\\\/\\\/secure.gravatar.com\\\/avatar\\\/2e7c03f83f4c651a53616536d206ec326ffdf4111a2d850a6ccf105897c7b3a7?s=96&d=mm&r=g\",\"url\":\"https:\\\/\\\/secure.gravatar.com\\\/avatar\\\/2e7c03f83f4c651a53616536d206ec326ffdf4111a2d850a6ccf105897c7b3a7?s=96&d=mm&r=g\",\"contentUrl\":\"https:\\\/\\\/secure.gravatar.com\\\/avatar\\\/2e7c03f83f4c651a53616536d206ec326ffdf4111a2d850a6ccf105897c7b3a7?s=96&d=mm&r=g\",\"caption\":\"CarinaWeinmann\"},\"logo\":{\"@id\":\"https:\\\/\\\/secure.gravatar.com\\\/avatar\\\/2e7c03f83f4c651a53616536d206ec326ffdf4111a2d850a6ccf105897c7b3a7?s=96&d=mm&r=g\"}}]}<\/script>\n<!-- \/ Yoast SEO plugin. -->","yoast_head_json":{"title":"Lehre - Dr. Carina Weinmann","robots":{"index":"index","follow":"follow","max-snippet":"max-snippet:-1","max-image-preview":"max-image-preview:large","max-video-preview":"max-video-preview:-1"},"canonical":"https:\/\/carinaweinmann.com\/teaching\/","og_locale":"de_DE","og_type":"article","og_title":"Lehre - Dr. Carina Weinmann","og_url":"https:\/\/carinaweinmann.com\/teaching\/","og_site_name":"Dr. Carina Weinmann","article_modified_time":"2025-09-27T19:45:21+00:00","twitter_card":"summary_large_image","twitter_misc":{"Gesch\u00e4tzte Lesezeit":"2\u00a0Minuten"},"schema":{"@context":"https:\/\/schema.org","@graph":[{"@type":"WebPage","@id":"https:\/\/carinaweinmann.com\/teaching\/","url":"https:\/\/carinaweinmann.com\/teaching\/","name":"Lehre - Dr. Carina Weinmann","isPartOf":{"@id":"https:\/\/carinaweinmann.com\/de\/#website"},"datePublished":"2020-12-04T23:36:57+00:00","dateModified":"2025-09-27T19:45:21+00:00","breadcrumb":{"@id":"https:\/\/carinaweinmann.com\/teaching\/#breadcrumb"},"inLanguage":"de","potentialAction":[{"@type":"ReadAction","target":["https:\/\/carinaweinmann.com\/teaching\/"]}]},{"@type":"BreadcrumbList","@id":"https:\/\/carinaweinmann.com\/teaching\/#breadcrumb","itemListElement":[{"@type":"ListItem","position":1,"name":"Home","item":"https:\/\/carinaweinmann.com\/"},{"@type":"ListItem","position":2,"name":"Lehre"}]},{"@type":"WebSite","@id":"https:\/\/carinaweinmann.com\/de\/#website","url":"https:\/\/carinaweinmann.com\/de\/","name":"Dr. Carina Weinmann","description":"Kommunikationswissenschaftlerin","publisher":{"@id":"https:\/\/carinaweinmann.com\/de\/#\/schema\/person\/31710719aa49b4b78bb9f2847e3aa450"},"potentialAction":[{"@type":"SearchAction","target":{"@type":"EntryPoint","urlTemplate":"https:\/\/carinaweinmann.com\/de\/?s={search_term_string}"},"query-input":{"@type":"PropertyValueSpecification","valueRequired":true,"valueName":"search_term_string"}}],"inLanguage":"de"},{"@type":["Person","Organization"],"@id":"https:\/\/carinaweinmann.com\/de\/#\/schema\/person\/31710719aa49b4b78bb9f2847e3aa450","name":"CarinaWeinmann","image":{"@type":"ImageObject","inLanguage":"de","@id":"https:\/\/secure.gravatar.com\/avatar\/2e7c03f83f4c651a53616536d206ec326ffdf4111a2d850a6ccf105897c7b3a7?s=96&d=mm&r=g","url":"https:\/\/secure.gravatar.com\/avatar\/2e7c03f83f4c651a53616536d206ec326ffdf4111a2d850a6ccf105897c7b3a7?s=96&d=mm&r=g","contentUrl":"https:\/\/secure.gravatar.com\/avatar\/2e7c03f83f4c651a53616536d206ec326ffdf4111a2d850a6ccf105897c7b3a7?s=96&d=mm&r=g","caption":"CarinaWeinmann"},"logo":{"@id":"https:\/\/secure.gravatar.com\/avatar\/2e7c03f83f4c651a53616536d206ec326ffdf4111a2d850a6ccf105897c7b3a7?s=96&d=mm&r=g"}}]}},"_links":{"self":[{"href":"https:\/\/carinaweinmann.com\/de\/wp-json\/wp\/v2\/pages\/462","targetHints":{"allow":["GET"]}}],"collection":[{"href":"https:\/\/carinaweinmann.com\/de\/wp-json\/wp\/v2\/pages"}],"about":[{"href":"https:\/\/carinaweinmann.com\/de\/wp-json\/wp\/v2\/types\/page"}],"author":[{"embeddable":true,"href":"https:\/\/carinaweinmann.com\/de\/wp-json\/wp\/v2\/users\/1"}],"replies":[{"embeddable":true,"href":"https:\/\/carinaweinmann.com\/de\/wp-json\/wp\/v2\/comments?post=462"}],"version-history":[{"count":28,"href":"https:\/\/carinaweinmann.com\/de\/wp-json\/wp\/v2\/pages\/462\/revisions"}],"predecessor-version":[{"id":1114,"href":"https:\/\/carinaweinmann.com\/de\/wp-json\/wp\/v2\/pages\/462\/revisions\/1114"}],"wp:attachment":[{"href":"https:\/\/carinaweinmann.com\/de\/wp-json\/wp\/v2\/media?parent=462"}],"curies":[{"name":"wp","href":"https:\/\/api.w.org\/{rel}","templated":true}]}}