{"id":7,"date":"2020-06-10T16:42:57","date_gmt":"2020-06-10T16:42:57","guid":{"rendered":"http:\/\/carinaweinmann.com\/?page_id=7"},"modified":"2026-03-15T20:30:37","modified_gmt":"2026-03-15T20:30:37","slug":"publications","status":"publish","type":"page","link":"https:\/\/carinaweinmann.com\/de\/publications\/","title":{"rendered":"Publikationen"},"content":{"rendered":"\n<h2 class=\"wp-block-heading\">Herausgeberschaften<\/h2>\n\n\n\n<p>Vorderer, P., &amp; <strong>Weinmann, C.<\/strong> (Eds.). (2016). Getting the discipline in communication with itself [Special issue]. <em>Journal of Communication, 66<\/em>(2).<\/p>\n\n\n\n<h2 class=\"wp-block-heading\">Zeitschriftenartikel (peer-reviewed)<\/h2>\n\n\n\n<p><strong>Weinmann, C.<\/strong>, Huneke, J., &amp; Vowe, G. (2026). University vs. industry: How does the type of organization shape expectations, problems, and solutions in collaborative research? <em>Frontiers in Communication, 11<\/em>, Article 1760020. <a href=\"https:\/\/doi.org\/10.3389\/fcomm.2026.1760020\">https:\/\/doi.org\/10.3389\/fcomm.2026.1760020<\/a><\/p>\n\n\n\n<p>Friess, D., <strong>Weinmann, C.<\/strong>, &amp; Warn\u00e9, M. (2025). AI and deliberation: Normative ideals in the light of current AI research \u2013 A review. <em>Journal of Deliberative Democracy<\/em>, <em>21<\/em>(1), 1\u201311. <a href=\"https:\/\/doi.org\/10.16997\/jdd.1805\" target=\"_blank\" rel=\"noreferrer noopener\">https:\/\/doi.org\/10.16997\/jdd.1805<\/a><\/p>\n\n\n\n<p>Leuppert, R., <strong>Weinmann, C.<\/strong>, &amp; Eiden, J. (2025). AI-reporters as the future of journalism? Investigating recipients\u2019 credibility evaluations of AI-authored news. <em>Journalism<\/em>. Advance online publication. <a href=\"https:\/\/doi.org\/10.1177\/14648849251382484\" target=\"_blank\" rel=\"noreferrer noopener\">https:\/\/doi.org\/10.1177\/14648849251382484<\/a><\/p>\n\n\n\n<p><strong>Weinmann,&nbsp;C.<\/strong>, Kelm,&nbsp;O., Marschall,&nbsp;S., &amp; Vowe,&nbsp;G. (2025). Does following or engaging in online discussions trigger political participation? Results of two online experiments. <em>Journal of Information Technology &amp; Politics<\/em>. Advance online publication. <a href=\"https:\/\/doi.org\/10.1080\/19331681.2025.2486056\" target=\"_blank\" rel=\"noreferrer noopener\">https:\/\/doi.org\/10.1080\/19331681.2025.2486056<\/a><\/p>\n\n\n\n<p>L\u00f6b,&nbsp;C., Rinke,&nbsp;E.&nbsp;M., <strong>Weinmann,&nbsp;C.<\/strong>, &amp; Wessler,&nbsp;H. (2024). Unpacking the determinants of outrage and recognition in public discourse: Insights across socio-cultural divides, political systems, and media types. <em>The International Journal of Press\/Politics, 29<\/em>, 273\u2013294. <a href=\"https:\/\/doi.org\/10.1177\/19401612221084206\" target=\"_blank\" rel=\"noreferrer noopener\">https:\/\/doi.org\/10.1177\/19401612221084206<\/a><\/p>\n\n\n\n<p>Schneider,&nbsp;F.&nbsp;M., &amp; <strong>Weinmann,&nbsp;C. <\/strong>(2023). In need of the devil\u2019s advocate? The impact of cross-cutting exposure on political discussion. <em>Political Behavior<\/em>, <em>45<\/em>, 373\u2013394. <a href=\"https:\/\/doi.org\/10.1007\/s11109-021-09706-w\" target=\"_blank\" rel=\"noreferrer noopener\">https:\/\/doi.org\/10.1007\/s11109-021-09706-w<\/a><\/p>\n\n\n\n<p><strong>Weinmann,&nbsp;C.<\/strong>, H\u00fcckst\u00e4dt,&nbsp;M., Mei\u00dfner,&nbsp;F., &amp; Vowe,&nbsp;G. (2023). How do researchers perceive problems in research collaboration? Results from a large-scale study of German scientists. <em>Frontiers in Research Metrics and Analytics<\/em>, <em>8<\/em>, Article 1106482. <a href=\"https:\/\/doi.org\/10.3389\/frma.2023.1106482\" target=\"_blank\" rel=\"noreferrer noopener\">https:\/\/doi.org\/10.3389\/frma.2023.1106482<\/a><\/p>\n\n\n\n<p>Mei\u00dfner, F., <strong>Weinmann, C.<\/strong>, &amp; Vowe, G. (2022). Understanding and addressing problems in research collaboration: A qualitative interview study from a self-governance perspective. <em>Frontiers in Research Metrics and Analytics \u2013 Research Policy and Strategic Management<\/em>, <em>6<\/em>, Article 778176. <a href=\"https:\/\/doi.org\/10.3389\/frma.2021.778176\" target=\"_blank\" rel=\"noreferrer noopener\">https:\/\/doi.org\/10.3389\/frma.2021.778176<\/a><\/p>\n\n\n\n<p><strong>Weinmann, C.<\/strong> (2019). The normative value of political entertainment: Deliberative antecedents and consequences of media users\u2019 entertainment experiences. <em>Studies in Communication and Media, 8, <\/em>135\u2013170. <a href=\"http:\/\/dx.doi.org\/10.5771\/2192-4007-2019-2-135\" target=\"_blank\" rel=\"noreferrer noopener\">http:\/\/dx.doi.org\/10.5771\/2192-4007-2019-2-135<\/a><\/p>\n\n\n\n<p>Schmitt, J. B., Schneider, F. M., <strong>Weinmann, C.<\/strong>, &amp; Roth, F. S. (2019). Saving tiger, orangutan &amp; co: How subjective knowledge and text complexity influence online information seeking and behavior. <em>Information, Communication &amp; Society, 22<\/em>, 1193\u20131211. <a href=\"http:\/\/dx.doi.org\/10.1080\/1369118X.2017.1410206\" target=\"_blank\" rel=\"noreferrer noopener\">http:\/\/dx.doi.org\/10.1080\/1369118X.2017.1410206<\/a><\/p>\n\n\n\n<p><strong>Weinmann, C., <\/strong>&amp; Vorderer, P. (2018). A normative perspective for political entertainment research: Connecting deliberative democracy and entertainment theory. <em>Communication Theory, 28<\/em>, 466\u2013486. <a href=\"http:\/\/dx.doi.org\/10.1093\/ct\/qty018\" target=\"_blank\" rel=\"noreferrer noopener\">http:\/\/dx.doi.org\/10.1093\/ct\/qty018<\/a><\/p>\n\n\n\n<p>Roth, F. S., <strong>Weinmann, C.<\/strong>, Schneider, F. M., Hopp, F. R., Bindl, M. J., &amp; Vorderer, P. (2018). Curving entertainment: The curvilinear relationship between hedonic and eudaimonic entertainment experiences while watching a political talk show and its implications for information processing. <em>Psychology of Popular Media Culture, 7, <\/em>499\u2013517. <a href=\"http:\/\/dx.doi.org\/10.1037\/ppm0000147\" target=\"_blank\" rel=\"noreferrer noopener\">http:\/\/dx.doi.org\/10.1037\/ppm0000147<\/a><\/p>\n\n\n\n<p><strong>Weinmann, C.<\/strong> (2018). Measuring political thinking: Development and validation of a scale for \u201cdeliberation within\u201d. <em>Political Psychology, 39, <\/em>365\u2013380. <a href=\"http:\/\/dx.doi.org\/10.1111\/pops.12423\" target=\"_blank\" rel=\"noreferrer noopener\">http:\/\/dx.doi.org\/10.1111\/pops.12423<\/a><\/p>\n\n\n\n<p><strong>Weinmann, C.<\/strong>, Roth, F. S., Schneider, F. M., Kr\u00e4mer, T., Hopp, F. R., Bindl, M. J., &amp; Vorderer, P. (2017). I don\u2019t care about politics, I just like that guy! Affective disposition and political attributes in information processing of political talk shows. <em>International Journal of Communication, 11, <\/em>3118\u20133140. Retrieved from <a href=\"http:\/\/ijoc.org\/index.php\/ijoc\/article\/view\/5800\/2103\" target=\"_blank\" rel=\"noreferrer noopener\">http:\/\/ijoc.org\/index.php\/ijoc\/article\/view\/5800\/2103<\/a><\/p>\n\n\n\n<p><strong>Weinmann, C.<\/strong> (2017). Feeling political interest while being entertained? Explaining the emotional experience of interest in politics in the context of political entertainment programs. <em>Psychology of Popular Media Culture, 6<\/em>, 123\u2013141. <a href=\"http:\/\/dx.doi.org\/10.1037\/ppm0000091\" target=\"_blank\" rel=\"noreferrer noopener\">http:\/\/dx.doi.org\/10.1037\/ppm0000091<\/a><\/p>\n\n\n\n<p><strong>Weinmann, C.<\/strong>, Schneider, F. M., Roth, F. S., Bindl, M. J., &amp; Vorderer, P. (2016). Testing measurement invariance of hedonic and eudaimonic entertainment experiences across media formats. <em>Communication Methods and Measures, 10<\/em>, 248\u2013257. <a href=\"http:\/\/dx.doi.org\/10.1080\/19312458.2016.1227773\" target=\"_blank\" rel=\"noreferrer noopener\">http:\/\/dx.doi.org\/10.1080\/19312458.2016.1227773<\/a><\/p>\n\n\n\n<p>Schneider, F. M., <strong>Weinmann, C.<\/strong>, Roth, F. S., Knop, K., &amp; Vorderer, P. (2016). Learning from entertaining online video clips? Enjoyment and appreciation and their differential relationships with knowledge and behavioral intentions. <em>Computers in Human Behavior, 54, <\/em>475\u2013482. <a href=\"http:\/\/dx.doi.org\/10.1016\/j.chb.2015.08.028\" target=\"_blank\" rel=\"noreferrer noopener\">http:\/\/dx.doi.org\/10.1016\/j.chb.2015.08.028<\/a><\/p>\n\n\n\n<p>Roth, F. S., <strong>Weinmann, C.<\/strong>, Schneider, F. M., Hopp, F. R., &amp; Vorderer, P. (2014). Seriously entertained: Antecedents and consequences of hedonic and eudaimonic entertainment experiences with political talk shows on TV. <em>Mass Communication and Society, 17<\/em>, 379\u2013399. <a href=\"http:\/\/dx.doi.org\/10.1080\/15205436.2014.891135\" target=\"_blank\" rel=\"noreferrer noopener\">http:\/\/dx.doi.org\/10.1080\/15205436.2014.891135<\/a><\/p>\n\n\n\n<p>Schneider, F. M., Knop, K., Kr\u00f6mer, N., Reich, S., &amp; <strong>Weinmann, C.<\/strong> (2014). Gute Unterhaltung?! Lernen und Bildung mit unterhaltenden Medienangeboten. <em>In-Mind Magazin, 5<\/em>(3). Retrieved from <a href=\"http:\/\/de.in-mind.org\/article\/gute-unterhaltung-lernen-und-bildung-mit-unterhaltenden-medienangeboten\" target=\"_blank\" rel=\"noreferrer noopener\">http:\/\/de.in-mind.org\/article\/gute-unterhaltung-lernen-und-bildung-mit-unterhaltenden-medienangeboten<\/a><\/p>\n\n\n\n<p>Matthei\u00df, T., <strong>Weinmann, C.<\/strong>, L\u00f6b, C., Rauhe, K., Bartsch, K., Roth, F. S., . . . Vorderer, P. (2013). Political learning through entertainment &#8211; Only an illusion? How the motivation for watching political talk shows influences viewers\u2019 experience. <em>Journal of Media Psychology, 25<\/em>, 171\u2013179. <a href=\"http:\/\/dx.doi.org\/10.1027\/1864-1105\/a000100\" target=\"_blank\" rel=\"noreferrer noopener\">http:\/\/dx.doi.org\/10.1027\/1864-1105\/a000100<\/a><\/p>\n\n\n\n<p>Rinke, E. M., Wessler, H., L\u00f6b, C., &amp; <strong>Weinmann, C.<\/strong> (2013). Deliberative qualities of generic news frames: Assessing the democratic value of strategic game and contestation framing in election campaign coverage. <em>Political Communication, 30<\/em>, 474\u2013494. <a href=\"http:\/\/dx.doi.org\/10.1080\/10584609.2012.737432\" target=\"_blank\" rel=\"noreferrer noopener\">http:\/\/dx.doi.org\/10.1080\/10584609.2012.737432<\/a><\/p>\n\n\n\n<p><strong>Weinmann, C.<\/strong>, L\u00f6b, C., Matthei\u00df, T., &amp; Vorderer, P. (2013). Approaching science by watching TV: What do entertainment programs contribute to viewers\u2019 competence in genetic engineering. <em>Educational Media International, 50<\/em>(3), 1\u201313. <a href=\"http:\/\/dx.doi.org\/10.1080\/09523987.2013.839152\" target=\"_blank\" rel=\"noreferrer noopener\">http:\/\/dx.doi.org\/10.1080\/09523987.2013.839152<\/a><\/p>\n\n\n\n<h2 class=\"wp-block-heading\">Zeitschriftenartikel (nicht peer-reviewed)<\/h2>\n\n\n\n<p>Eilders,&nbsp;C., Kelm,&nbsp;O., &amp; <strong>Weinmann,&nbsp;C.<\/strong> (2022). Politische Polarisierung in und durch Massenmedien und soziale Medien auf Mikro-, Meso- und Makro-Ebene. <em>Forschungsjournal Soziale Bewegungen, 35<\/em>, 351\u2013366. <a href=\"https:\/\/doi.org\/10.1515\/fjsb-2022-0024\" target=\"_blank\" rel=\"noreferrer noopener\">https:\/\/doi.org\/10.1515\/fjsb-2022-0024<\/a><\/p>\n\n\n\n<h2 class=\"wp-block-heading\">Buchbeitr\u00e4ge<\/h2>\n\n\n\n<p>Friess, D., &amp; <strong>Weinmann, C. <\/strong>(2025). Making online participation more intelligent: Considerations on how artificial intelligence can support public online participatory processes. In R. Kies, E. Paulis, &amp; A. Ostling (Eds.), <em>Public deliberation in the digital age: Platforms, participation, and legitimacy<\/em> (pp. 143\u2013157). Routledge. <a href=\"https:\/\/doi.org\/10.4324\/9781003435204-11\" target=\"_blank\" rel=\"noreferrer noopener\">https:\/\/doi.org\/10.4324\/9781003435204-11<\/a><\/p>\n\n\n\n<p>Holbert, R. L., <strong>Weinmann, C.<\/strong>, &amp; Robinson, N. (2017). Permanent entertainment and political behavior. In P. Vorderer, D. Hefner, L. Reinecke, &amp; C. Klimmt (Eds.), <em>Permanently online, permanently connected<\/em> (pp.&nbsp;220\u2013230). Routledge. <a href=\"https:\/\/doi.org\/10.4324\/9781315276472-21\" target=\"_blank\" rel=\"noreferrer noopener\">https:\/\/doi.org\/10.4324\/9781315276472-21<\/a><\/p>\n\n\n\n<p><strong>Weinmann, C.<\/strong>, &amp; L\u00f6b, C. (2012). Time to debate?: Eine Analyse zur Verbindung von Deliberation und Zeit in der Fernsehberichterstattung zur Bundestagswahl 2009. In S. Appenzeller, F. Flemming, &amp; L. K\u00fcpper (Eds.), <em>B\u00fcrgerproteste im Spannungsfeld von Politik und Medien. Beitr\u00e4ge zur 7. Fachtagung des DFPK<\/em> (pp.&nbsp;65\u201383). Frank &amp; Timme.<\/p>\n\n\n\n<p>L\u00f6b, C., &amp; <strong>Weinmann, C.<\/strong> (2011). Indexing und Rally-Effekt in der Irakkriegsberichterstattung 2003: Eine vergleichende Inhaltsanalyse von CNN, BBC und DW-TV anhand des Ph\u00e4nomens Framing. In J. F. Haschke &amp; A. M. Moser (Eds.), <em>Politik &#8211; Deutsch, Deutsch &#8211; Politik: Aktuelle Trends und Forschungsergebnisse. Beitr\u00e4ge zur 6. Fachtagung des DFPK<\/em> (pp.&nbsp;245\u2013264). Frank &amp; Timme.<\/p>\n\n\n\n<h2 class=\"wp-block-heading\">Sonstige Publikationen<\/h2>\n\n\n\n<p>Behrendt, M., Wagner, S. S., <strong>Weinmann, C.<\/strong>, Bormann, M., Warne, M., &amp; Harmeling, S. (2025). <em>Natural language processing to enhance deliberation in political online discussions: A survey<\/em> (Version 1). arXiv. <a href=\"https:\/\/doi.org\/10.48550\/ARXIV.2506.02533\">https:\/\/doi.org\/10.48550\/ARXIV.2506.02533<\/a><\/p>\n\n\n\n<p>Warne, M., Sauer, F., <strong>Weinmann, C.<\/strong>, Marschall, S., &amp; Ziegele, M. (2025). <em>Politische Online-Beteiligungsverfahren: Wer nimmt an ihnen teil und warum?<\/em> (DIID-Pr\u00e9cis No. 2). DIID. <a href=\"https:\/\/doi.org\/10.36200\/0023\" target=\"_blank\" rel=\"noreferrer noopener\">https:\/\/doi.org\/10.36200\/0023<\/a><\/p>\n\n\n\n<p>Jandura, O., &amp; <strong>Weinmann, C.<\/strong> (2024). Neue Un\u00fcbersichtlichkeiten. <em>Aviso: Informationsdienst der Deutschen Gesellschaft f\u00fcr Publizistik und Kommunikationswissenschaft<\/em>, <em>79<\/em>(2), 5.<\/p>\n\n\n\n<p>Jandura,&nbsp;O., &amp; <strong>Weinmann,&nbsp;C.<\/strong> (2023). Greater confusion in the voter market in Germany: Differences between subjective and value-based categorization on the left-right axis. In M. Ziegele, A. S. K\u00fcmpel, T. Dienlin, &amp; Deutsche Gesellschaft f\u00fcr Publizistik- und Kommunikationswissenschaft (Eds.), <em>Beitr\u00e4ge zur Jahrestagung der Fachgruppe Rezeptions- und Wirkungsforschung 2022 <\/em>(pp.&nbsp;75\u201392). SSOAR &#8211; GESIS Leibniz Institute for the Social Sciences. <a href=\"https:\/\/doi.org\/10.21241\/ssoar.96575\" target=\"_blank\" rel=\"noreferrer noopener\">https:\/\/doi.org\/10.21241\/ssoar.96575<\/a><\/p>\n\n\n\n<p><strong>Weinmann,&nbsp;C.<\/strong>, Bormann,&nbsp;M., Warne,&nbsp;M., Sauer,&nbsp;F., Behrendt,&nbsp;M., Wagner,&nbsp;S., Harmeling,&nbsp;S., Marschall,&nbsp;S., &amp; Ziegele,&nbsp;M. (2023). <em>Datenreport: Ergebnisse einer Befragung zu Problemen in Online-Beteiligungsverfahren und den Potenzialen von K\u00fcnstlicher Intelligenz zur L\u00f6sung dieser Probleme. <\/em><a href=\"https:\/\/doi.org\/10.17605\/OSF.IO\/Q5U3D\" target=\"_blank\" rel=\"noreferrer noopener\">https:\/\/doi.org\/10.17605\/OSF.IO\/Q5U3D<\/a><\/p>\n\n\n\n<p>H\u00fcckst\u00e4dt,&nbsp;M., Jan\u00dfen,&nbsp;M., Oberschelp,&nbsp;A., Wagner,&nbsp;N., <strong>Weinmann,&nbsp;C.<\/strong>, &amp; Winde,&nbsp;M. (2022). <em>Forschungskooperation im Verbund<\/em> (Future Lab: Kooperationsgovernance Diskussionspapier 6). Essen. Stifterverband f\u00fcr die Deutsche Wissenschaft. <a href=\"https:\/\/www.stifterverband.org\/sites\/default\/files\/forschungskooperation_im_verbund.pdf\" target=\"_blank\" rel=\"noreferrer noopener\">https:\/\/www.stifterverband.org\/sites\/default\/files\/forschungskooperation_im_verbund.pdf<\/a><\/p>\n\n\n\n<p>Vowe, G., &amp; <strong>Weinmann, C.<\/strong> (2021). Kein gutes Jahr f\u00fcr kommunikationswissenschaftliche DFG-Forschungsverb\u00fcnde. <em>Aviso: Informationsdienst der Deutschen Gesellschaft f\u00fcr Publizistik und Kommunikationswissenschaft<\/em>, <em>72<\/em>(2), 26.<\/p>\n","protected":false},"excerpt":{"rendered":"<p>Herausgeberschaften Vorderer, P., &amp; Weinmann, C. (Eds.). (2016). Getting the discipline in communication with itself [Special issue]. Journal of Communication,<\/p>\n<p><a href=\"https:\/\/carinaweinmann.com\/de\/publications\/\" class=\"more-link\">Continue reading&#8230;<span class=\"screen-reader-text\">Publikationen<\/span><\/a><\/p>\n","protected":false},"author":1,"featured_media":0,"parent":0,"menu_order":0,"comment_status":"closed","ping_status":"closed","template":"","meta":{"footnotes":""},"class_list":["post-7","page","type-page","status-publish","hentry"],"translation":{"provider":"WPGlobus","version":"3.0.2","language":"de","enabled_languages":["en","de"],"languages":{"en":{"title":true,"content":true,"excerpt":false},"de":{"title":true,"content":true,"excerpt":false}}},"yoast_head":"<!-- This site is optimized with the Yoast SEO plugin v27.3 - https:\/\/yoast.com\/product\/yoast-seo-wordpress\/ -->\n<title>Publikationen - Dr. Carina Weinmann<\/title>\n<meta name=\"robots\" content=\"index, follow, max-snippet:-1, max-image-preview:large, max-video-preview:-1\" \/>\n<link rel=\"canonical\" href=\"https:\/\/carinaweinmann.com\/publications\/\" \/>\n<meta property=\"og:locale\" content=\"de_DE\" \/>\n<meta property=\"og:type\" content=\"article\" \/>\n<meta property=\"og:title\" content=\"Publikationen - Dr. Carina Weinmann\" \/>\n<meta property=\"og:url\" content=\"https:\/\/carinaweinmann.com\/publications\/\" \/>\n<meta property=\"og:site_name\" content=\"Dr. Carina Weinmann\" \/>\n<meta property=\"article:modified_time\" content=\"2026-03-15T20:30:37+00:00\" \/>\n<meta name=\"twitter:card\" content=\"summary_large_image\" \/>\n<meta name=\"twitter:label1\" content=\"Gesch\u00e4tzte Lesezeit\" \/>\n\t<meta name=\"twitter:data1\" content=\"7\u00a0Minuten\" \/>\n<script type=\"application\/ld+json\" class=\"yoast-schema-graph\">{\"@context\":\"https:\\\/\\\/schema.org\",\"@graph\":[{\"@type\":\"WebPage\",\"@id\":\"https:\\\/\\\/carinaweinmann.com\\\/publications\\\/\",\"url\":\"https:\\\/\\\/carinaweinmann.com\\\/publications\\\/\",\"name\":\"Publikationen - Dr. Carina Weinmann\",\"isPartOf\":{\"@id\":\"https:\\\/\\\/carinaweinmann.com\\\/de\\\/#website\"},\"datePublished\":\"2020-06-10T16:42:57+00:00\",\"dateModified\":\"2026-03-15T20:30:37+00:00\",\"breadcrumb\":{\"@id\":\"https:\\\/\\\/carinaweinmann.com\\\/publications\\\/#breadcrumb\"},\"inLanguage\":\"de\",\"potentialAction\":[{\"@type\":\"ReadAction\",\"target\":[\"https:\\\/\\\/carinaweinmann.com\\\/publications\\\/\"]}]},{\"@type\":\"BreadcrumbList\",\"@id\":\"https:\\\/\\\/carinaweinmann.com\\\/publications\\\/#breadcrumb\",\"itemListElement\":[{\"@type\":\"ListItem\",\"position\":1,\"name\":\"Home\",\"item\":\"https:\\\/\\\/carinaweinmann.com\\\/\"},{\"@type\":\"ListItem\",\"position\":2,\"name\":\"Publikationen\"}]},{\"@type\":\"WebSite\",\"@id\":\"https:\\\/\\\/carinaweinmann.com\\\/de\\\/#website\",\"url\":\"https:\\\/\\\/carinaweinmann.com\\\/de\\\/\",\"name\":\"Dr. Carina Weinmann\",\"description\":\"Kommunikationswissenschaftlerin\",\"publisher\":{\"@id\":\"https:\\\/\\\/carinaweinmann.com\\\/de\\\/#\\\/schema\\\/person\\\/31710719aa49b4b78bb9f2847e3aa450\"},\"potentialAction\":[{\"@type\":\"SearchAction\",\"target\":{\"@type\":\"EntryPoint\",\"urlTemplate\":\"https:\\\/\\\/carinaweinmann.com\\\/de\\\/?s={search_term_string}\"},\"query-input\":{\"@type\":\"PropertyValueSpecification\",\"valueRequired\":true,\"valueName\":\"search_term_string\"}}],\"inLanguage\":\"de\"},{\"@type\":[\"Person\",\"Organization\"],\"@id\":\"https:\\\/\\\/carinaweinmann.com\\\/de\\\/#\\\/schema\\\/person\\\/31710719aa49b4b78bb9f2847e3aa450\",\"name\":\"CarinaWeinmann\",\"image\":{\"@type\":\"ImageObject\",\"inLanguage\":\"de\",\"@id\":\"https:\\\/\\\/secure.gravatar.com\\\/avatar\\\/2e7c03f83f4c651a53616536d206ec326ffdf4111a2d850a6ccf105897c7b3a7?s=96&d=mm&r=g\",\"url\":\"https:\\\/\\\/secure.gravatar.com\\\/avatar\\\/2e7c03f83f4c651a53616536d206ec326ffdf4111a2d850a6ccf105897c7b3a7?s=96&d=mm&r=g\",\"contentUrl\":\"https:\\\/\\\/secure.gravatar.com\\\/avatar\\\/2e7c03f83f4c651a53616536d206ec326ffdf4111a2d850a6ccf105897c7b3a7?s=96&d=mm&r=g\",\"caption\":\"CarinaWeinmann\"},\"logo\":{\"@id\":\"https:\\\/\\\/secure.gravatar.com\\\/avatar\\\/2e7c03f83f4c651a53616536d206ec326ffdf4111a2d850a6ccf105897c7b3a7?s=96&d=mm&r=g\"}}]}<\/script>\n<!-- \/ Yoast SEO plugin. -->","yoast_head_json":{"title":"Publikationen - Dr. Carina Weinmann","robots":{"index":"index","follow":"follow","max-snippet":"max-snippet:-1","max-image-preview":"max-image-preview:large","max-video-preview":"max-video-preview:-1"},"canonical":"https:\/\/carinaweinmann.com\/publications\/","og_locale":"de_DE","og_type":"article","og_title":"Publikationen - Dr. Carina Weinmann","og_url":"https:\/\/carinaweinmann.com\/publications\/","og_site_name":"Dr. Carina Weinmann","article_modified_time":"2026-03-15T20:30:37+00:00","twitter_card":"summary_large_image","twitter_misc":{"Gesch\u00e4tzte Lesezeit":"7\u00a0Minuten"},"schema":{"@context":"https:\/\/schema.org","@graph":[{"@type":"WebPage","@id":"https:\/\/carinaweinmann.com\/publications\/","url":"https:\/\/carinaweinmann.com\/publications\/","name":"Publikationen - Dr. Carina Weinmann","isPartOf":{"@id":"https:\/\/carinaweinmann.com\/de\/#website"},"datePublished":"2020-06-10T16:42:57+00:00","dateModified":"2026-03-15T20:30:37+00:00","breadcrumb":{"@id":"https:\/\/carinaweinmann.com\/publications\/#breadcrumb"},"inLanguage":"de","potentialAction":[{"@type":"ReadAction","target":["https:\/\/carinaweinmann.com\/publications\/"]}]},{"@type":"BreadcrumbList","@id":"https:\/\/carinaweinmann.com\/publications\/#breadcrumb","itemListElement":[{"@type":"ListItem","position":1,"name":"Home","item":"https:\/\/carinaweinmann.com\/"},{"@type":"ListItem","position":2,"name":"Publikationen"}]},{"@type":"WebSite","@id":"https:\/\/carinaweinmann.com\/de\/#website","url":"https:\/\/carinaweinmann.com\/de\/","name":"Dr. Carina Weinmann","description":"Kommunikationswissenschaftlerin","publisher":{"@id":"https:\/\/carinaweinmann.com\/de\/#\/schema\/person\/31710719aa49b4b78bb9f2847e3aa450"},"potentialAction":[{"@type":"SearchAction","target":{"@type":"EntryPoint","urlTemplate":"https:\/\/carinaweinmann.com\/de\/?s={search_term_string}"},"query-input":{"@type":"PropertyValueSpecification","valueRequired":true,"valueName":"search_term_string"}}],"inLanguage":"de"},{"@type":["Person","Organization"],"@id":"https:\/\/carinaweinmann.com\/de\/#\/schema\/person\/31710719aa49b4b78bb9f2847e3aa450","name":"CarinaWeinmann","image":{"@type":"ImageObject","inLanguage":"de","@id":"https:\/\/secure.gravatar.com\/avatar\/2e7c03f83f4c651a53616536d206ec326ffdf4111a2d850a6ccf105897c7b3a7?s=96&d=mm&r=g","url":"https:\/\/secure.gravatar.com\/avatar\/2e7c03f83f4c651a53616536d206ec326ffdf4111a2d850a6ccf105897c7b3a7?s=96&d=mm&r=g","contentUrl":"https:\/\/secure.gravatar.com\/avatar\/2e7c03f83f4c651a53616536d206ec326ffdf4111a2d850a6ccf105897c7b3a7?s=96&d=mm&r=g","caption":"CarinaWeinmann"},"logo":{"@id":"https:\/\/secure.gravatar.com\/avatar\/2e7c03f83f4c651a53616536d206ec326ffdf4111a2d850a6ccf105897c7b3a7?s=96&d=mm&r=g"}}]}},"_links":{"self":[{"href":"https:\/\/carinaweinmann.com\/de\/wp-json\/wp\/v2\/pages\/7","targetHints":{"allow":["GET"]}}],"collection":[{"href":"https:\/\/carinaweinmann.com\/de\/wp-json\/wp\/v2\/pages"}],"about":[{"href":"https:\/\/carinaweinmann.com\/de\/wp-json\/wp\/v2\/types\/page"}],"author":[{"embeddable":true,"href":"https:\/\/carinaweinmann.com\/de\/wp-json\/wp\/v2\/users\/1"}],"replies":[{"embeddable":true,"href":"https:\/\/carinaweinmann.com\/de\/wp-json\/wp\/v2\/comments?post=7"}],"version-history":[{"count":80,"href":"https:\/\/carinaweinmann.com\/de\/wp-json\/wp\/v2\/pages\/7\/revisions"}],"predecessor-version":[{"id":1193,"href":"https:\/\/carinaweinmann.com\/de\/wp-json\/wp\/v2\/pages\/7\/revisions\/1193"}],"wp:attachment":[{"href":"https:\/\/carinaweinmann.com\/de\/wp-json\/wp\/v2\/media?parent=7"}],"curies":[{"name":"wp","href":"https:\/\/api.w.org\/{rel}","templated":true}]}}